{"id":526180,"date":"2026-03-04T03:09:14","date_gmt":"2026-03-04T01:09:14","guid":{"rendered":"https:\/\/ventspils.citro.lv\/veikals\/rasolniks-ar-perlu-grubam-frauenburgas-gardumi-0-5l\/"},"modified":"2026-03-04T03:09:24","modified_gmt":"2026-03-04T01:09:24","slug":"rasolniks-ar-perlu-grubam-frauenburgas-gardumi-0-5l","status":"publish","type":"product","link":"https:\/\/ventspils.citro.lv\/ru\/veikals\/rasolniks-ar-perlu-grubam-frauenburgas-gardumi-0-5l\/","title":{"rendered":"Raso\u013c\u0146iks ar p\u0113r\u013cu gr\u016bb\u0101m Frauenburgas gardumi  0.5l"},"content":{"rendered":"","protected":false},"excerpt":{"rendered":"<p>4.58 \u20ac\/l<\/p>\n","protected":false},"featured_media":1221305,"template":"","meta":{"_acf_changed":false,"inline_featured_image":false},"product_cat":[103,137],"product_tag":[],"acf":[],"aioseo_notices":[],"_links":{"self":[{"href":"https:\/\/ventspils.citro.lv\/ru\/wp-json\/wp\/v2\/product\/526180"}],"collection":[{"href":"https:\/\/ventspils.citro.lv\/ru\/wp-json\/wp\/v2\/product"}],"about":[{"href":"https:\/\/ventspils.citro.lv\/ru\/wp-json\/wp\/v2\/types\/product"}],"wp:featuredmedia":[{"embeddable":true,"href":"https:\/\/ventspils.citro.lv\/ru\/wp-json\/wp\/v2\/media\/1221305"}],"wp:attachment":[{"href":"https:\/\/ventspils.citro.lv\/ru\/wp-json\/wp\/v2\/media?parent=526180"}],"wp:term":[{"taxonomy":"product_cat","embeddable":true,"href":"https:\/\/ventspils.citro.lv\/ru\/wp-json\/wp\/v2\/product_cat?post=526180"},{"taxonomy":"product_tag","embeddable":true,"href":"https:\/\/ventspils.citro.lv\/ru\/wp-json\/wp\/v2\/product_tag?post=526180"}],"curies":[{"name":"wp","href":"https:\/\/api.w.org\/{rel}","templated":true}]}}