{"id":526178,"date":"2026-03-04T03:09:14","date_gmt":"2026-03-04T01:09:14","guid":{"rendered":"https:\/\/ventspils.citro.lv\/veikals\/borscs-darzenu-frauenburgas-gardumi-0-5l\/"},"modified":"2026-03-04T03:09:18","modified_gmt":"2026-03-04T01:09:18","slug":"borscs-darzenu-frauenburgas-gardumi-0-5l","status":"publish","type":"product","link":"https:\/\/ventspils.citro.lv\/ru\/veikals\/borscs-darzenu-frauenburgas-gardumi-0-5l\/","title":{"rendered":"Bor\u0161\u010ds d\u0101rze\u0146u Frauenburgas gardumi 0.5l"},"content":{"rendered":"","protected":false},"excerpt":{"rendered":"<p>4.98 \u20ac\/l<\/p>\n","protected":false},"featured_media":1221304,"template":"","meta":{"_acf_changed":false,"inline_featured_image":false},"product_cat":[103,137],"product_tag":[],"acf":[],"aioseo_notices":[],"_links":{"self":[{"href":"https:\/\/ventspils.citro.lv\/ru\/wp-json\/wp\/v2\/product\/526178"}],"collection":[{"href":"https:\/\/ventspils.citro.lv\/ru\/wp-json\/wp\/v2\/product"}],"about":[{"href":"https:\/\/ventspils.citro.lv\/ru\/wp-json\/wp\/v2\/types\/product"}],"wp:featuredmedia":[{"embeddable":true,"href":"https:\/\/ventspils.citro.lv\/ru\/wp-json\/wp\/v2\/media\/1221304"}],"wp:attachment":[{"href":"https:\/\/ventspils.citro.lv\/ru\/wp-json\/wp\/v2\/media?parent=526178"}],"wp:term":[{"taxonomy":"product_cat","embeddable":true,"href":"https:\/\/ventspils.citro.lv\/ru\/wp-json\/wp\/v2\/product_cat?post=526178"},{"taxonomy":"product_tag","embeddable":true,"href":"https:\/\/ventspils.citro.lv\/ru\/wp-json\/wp\/v2\/product_tag?post=526178"}],"curies":[{"name":"wp","href":"https:\/\/api.w.org\/{rel}","templated":true}]}}