{"id":526176,"date":"2026-03-04T03:09:02","date_gmt":"2026-03-04T01:09:02","guid":{"rendered":"https:\/\/ventspils.citro.lv\/veikals\/zuljens-ar-senem-frauenburgas-gardumi-0-5l\/"},"modified":"2026-03-04T03:09:13","modified_gmt":"2026-03-04T01:09:13","slug":"zuljens-ar-senem-frauenburgas-gardumi-0-5l","status":"publish","type":"product","link":"https:\/\/ventspils.citro.lv\/ru\/veikals\/zuljens-ar-senem-frauenburgas-gardumi-0-5l\/","title":{"rendered":"\u017dulj\u0113ns ar s\u0113n\u0113m Frauenburgas gardumi 0.5l"},"content":{"rendered":"","protected":false},"excerpt":{"rendered":"<p>5.78 \u20ac\/l<\/p>\n","protected":false},"featured_media":1221303,"template":"","meta":{"_acf_changed":false,"inline_featured_image":false},"product_cat":[103,137],"product_tag":[],"acf":[],"aioseo_notices":[],"_links":{"self":[{"href":"https:\/\/ventspils.citro.lv\/ru\/wp-json\/wp\/v2\/product\/526176"}],"collection":[{"href":"https:\/\/ventspils.citro.lv\/ru\/wp-json\/wp\/v2\/product"}],"about":[{"href":"https:\/\/ventspils.citro.lv\/ru\/wp-json\/wp\/v2\/types\/product"}],"wp:featuredmedia":[{"embeddable":true,"href":"https:\/\/ventspils.citro.lv\/ru\/wp-json\/wp\/v2\/media\/1221303"}],"wp:attachment":[{"href":"https:\/\/ventspils.citro.lv\/ru\/wp-json\/wp\/v2\/media?parent=526176"}],"wp:term":[{"taxonomy":"product_cat","embeddable":true,"href":"https:\/\/ventspils.citro.lv\/ru\/wp-json\/wp\/v2\/product_cat?post=526176"},{"taxonomy":"product_tag","embeddable":true,"href":"https:\/\/ventspils.citro.lv\/ru\/wp-json\/wp\/v2\/product_tag?post=526176"}],"curies":[{"name":"wp","href":"https:\/\/api.w.org\/{rel}","templated":true}]}}