{"id":526172,"date":"2026-03-04T03:06:58","date_gmt":"2026-03-04T01:06:58","guid":{"rendered":"https:\/\/ventspils.citro.lv\/veikals\/zirni-pelekie-ar-galu-frauenburgas-gardumi-0-5l\/"},"modified":"2026-03-04T03:07:08","modified_gmt":"2026-03-04T01:07:08","slug":"zirni-pelekie-ar-galu-frauenburgas-gardumi-0-5l","status":"publish","type":"product","link":"https:\/\/ventspils.citro.lv\/ru\/veikals\/zirni-pelekie-ar-galu-frauenburgas-gardumi-0-5l\/","title":{"rendered":"Zir\u0146i pel\u0113kie ar ga\u013cu Frauenburgas gardumi 0.5l"},"content":{"rendered":"","protected":false},"excerpt":{"rendered":"<p>5.98 \u20ac\/l<\/p>\n","protected":false},"featured_media":1221301,"template":"","meta":{"_acf_changed":false,"inline_featured_image":false},"product_cat":[103,137],"product_tag":[],"acf":[],"aioseo_notices":[],"_links":{"self":[{"href":"https:\/\/ventspils.citro.lv\/ru\/wp-json\/wp\/v2\/product\/526172"}],"collection":[{"href":"https:\/\/ventspils.citro.lv\/ru\/wp-json\/wp\/v2\/product"}],"about":[{"href":"https:\/\/ventspils.citro.lv\/ru\/wp-json\/wp\/v2\/types\/product"}],"wp:featuredmedia":[{"embeddable":true,"href":"https:\/\/ventspils.citro.lv\/ru\/wp-json\/wp\/v2\/media\/1221301"}],"wp:attachment":[{"href":"https:\/\/ventspils.citro.lv\/ru\/wp-json\/wp\/v2\/media?parent=526172"}],"wp:term":[{"taxonomy":"product_cat","embeddable":true,"href":"https:\/\/ventspils.citro.lv\/ru\/wp-json\/wp\/v2\/product_cat?post=526172"},{"taxonomy":"product_tag","embeddable":true,"href":"https:\/\/ventspils.citro.lv\/ru\/wp-json\/wp\/v2\/product_tag?post=526172"}],"curies":[{"name":"wp","href":"https:\/\/api.w.org\/{rel}","templated":true}]}}