{"id":526169,"date":"2026-04-24T09:30:22","date_gmt":"2026-04-24T06:30:22","guid":{"rendered":"https:\/\/ventspils.citro.lv\/veikals\/cukgalas-karbonade-kupinata-sv\/"},"modified":"2026-05-02T23:25:42","modified_gmt":"2026-05-02T20:25:42","slug":"cukgalas-karbonade-kupinata-sv","status":"publish","type":"product","link":"https:\/\/ventspils.citro.lv\/ru\/veikals\/cukgalas-karbonade-kupinata-sv\/","title":{"rendered":"C\u016bkga\u013cas karbon\u0101de kupin\u0101ta  sv."},"content":{"rendered":"<p>Sast\u0101vda\u013cas: c\u016bkga\u013cas karbon\u0101de, \u016bdens, s\u0101ls, stabiliz\u0113t\u0101ji E407a, E450, sk\u0101buma regul\u0113t\u0101ji E451, E331, E262, E330, dz\u012bvnieku olbaltumvielas, SOJAS olbaltumvielas, KVIE\u0160U \u0161\u0137iedrvielas, dekstroze, gar\u0161as pastiprin\u0101t\u0101ji E621, E635, antioksidanti E316, E301, E300, biezin\u0101t\u0101js E415, gar\u0161vielas, arom\u0101tvielas, hemoglob\u012bns, konservants E250. Ga\u013cas izejvielas izcelsme ES. Ener\u0123\u0113tisk\u0101 un uzturv\u0113rt\u012bba 100g produkta vid\u0113ji satur 306kJ\/73kcal, tauki 2,44g, tostarp pies\u0101tin\u0101t\u0101s tauksk\u0101bes 0,85g, og\u013chidr\u0101tus 0,64g, tostarp cukurs 0,19g, olbaltumvielas 12,07g, s\u0101ls 2,17g. P\u0113c iepakojuma atv\u0113r\u0161anas izlietot 72h laik\u0101. Uzglab\u0101t +2&#8230; +6C.<\/p>\n","protected":false},"excerpt":{"rendered":"<p>5.99 \u20ac\/kg<\/p>\n","protected":false},"featured_media":1252848,"template":"","meta":{"_acf_changed":false,"inline_featured_image":false},"product_cat":[135,174],"product_tag":[],"acf":[],"aioseo_notices":[],"_links":{"self":[{"href":"https:\/\/ventspils.citro.lv\/ru\/wp-json\/wp\/v2\/product\/526169"}],"collection":[{"href":"https:\/\/ventspils.citro.lv\/ru\/wp-json\/wp\/v2\/product"}],"about":[{"href":"https:\/\/ventspils.citro.lv\/ru\/wp-json\/wp\/v2\/types\/product"}],"wp:featuredmedia":[{"embeddable":true,"href":"https:\/\/ventspils.citro.lv\/ru\/wp-json\/wp\/v2\/media\/1252848"}],"wp:attachment":[{"href":"https:\/\/ventspils.citro.lv\/ru\/wp-json\/wp\/v2\/media?parent=526169"}],"wp:term":[{"taxonomy":"product_cat","embeddable":true,"href":"https:\/\/ventspils.citro.lv\/ru\/wp-json\/wp\/v2\/product_cat?post=526169"},{"taxonomy":"product_tag","embeddable":true,"href":"https:\/\/ventspils.citro.lv\/ru\/wp-json\/wp\/v2\/product_tag?post=526169"}],"curies":[{"name":"wp","href":"https:\/\/api.w.org\/{rel}","templated":true}]}}