{"id":526142,"date":"2026-03-31T03:57:02","date_gmt":"2026-03-31T00:57:02","guid":{"rendered":"https:\/\/ventspils.citro.lv\/veikals\/zupa-borscs-ukrainu-ar-pupinam\/"},"modified":"2026-04-01T13:34:35","modified_gmt":"2026-04-01T10:34:35","slug":"zupa-borscs-ukrainu-ar-pupinam-kok-500g","status":"publish","type":"product","link":"https:\/\/ventspils.citro.lv\/ru\/veikals\/zupa-borscs-ukrainu-ar-pupinam-kok-500g\/","title":{"rendered":"Zupa bor\u0161\u010ds ukrai\u0146u ar pupi\u0146\u0101m KOK 500g"},"content":{"rendered":"","protected":false},"excerpt":{"rendered":"<p>3.70 \u20ac\/kg<\/p>\n","protected":false},"featured_media":1238234,"template":"","meta":{"_acf_changed":false,"inline_featured_image":false},"product_cat":[103,137],"product_tag":[],"acf":[],"aioseo_notices":[],"_links":{"self":[{"href":"https:\/\/ventspils.citro.lv\/ru\/wp-json\/wp\/v2\/product\/526142"}],"collection":[{"href":"https:\/\/ventspils.citro.lv\/ru\/wp-json\/wp\/v2\/product"}],"about":[{"href":"https:\/\/ventspils.citro.lv\/ru\/wp-json\/wp\/v2\/types\/product"}],"wp:featuredmedia":[{"embeddable":true,"href":"https:\/\/ventspils.citro.lv\/ru\/wp-json\/wp\/v2\/media\/1238234"}],"wp:attachment":[{"href":"https:\/\/ventspils.citro.lv\/ru\/wp-json\/wp\/v2\/media?parent=526142"}],"wp:term":[{"taxonomy":"product_cat","embeddable":true,"href":"https:\/\/ventspils.citro.lv\/ru\/wp-json\/wp\/v2\/product_cat?post=526142"},{"taxonomy":"product_tag","embeddable":true,"href":"https:\/\/ventspils.citro.lv\/ru\/wp-json\/wp\/v2\/product_tag?post=526142"}],"curies":[{"name":"wp","href":"https:\/\/api.w.org\/{rel}","templated":true}]}}