{"id":525960,"date":"2026-04-02T01:39:38","date_gmt":"2026-04-01T22:39:38","guid":{"rendered":"https:\/\/ventspils.citro.lv\/veikals\/tomati-kekaros-cherry-niderlande-500g-2sk\/"},"modified":"2026-04-08T08:47:32","modified_gmt":"2026-04-08T05:47:32","slug":"tomati-cherry-plumes-kek-500-gr-italija","status":"publish","type":"product","link":"https:\/\/ventspils.citro.lv\/ru\/veikals\/tomati-cherry-plumes-kek-500-gr-italija\/","title":{"rendered":"Tom\u0101ti cherry pl\u016bmes \u0137ek. 500 gr It\u0101lija"},"content":{"rendered":"","protected":false},"excerpt":{"rendered":"<p>7.98 \u20ac\/kg<\/p>\n","protected":false},"featured_media":1239019,"template":"","meta":{"_acf_changed":false,"inline_featured_image":false},"product_cat":[97,99],"product_tag":[],"acf":[],"aioseo_notices":[],"_links":{"self":[{"href":"https:\/\/ventspils.citro.lv\/ru\/wp-json\/wp\/v2\/product\/525960"}],"collection":[{"href":"https:\/\/ventspils.citro.lv\/ru\/wp-json\/wp\/v2\/product"}],"about":[{"href":"https:\/\/ventspils.citro.lv\/ru\/wp-json\/wp\/v2\/types\/product"}],"wp:featuredmedia":[{"embeddable":true,"href":"https:\/\/ventspils.citro.lv\/ru\/wp-json\/wp\/v2\/media\/1239019"}],"wp:attachment":[{"href":"https:\/\/ventspils.citro.lv\/ru\/wp-json\/wp\/v2\/media?parent=525960"}],"wp:term":[{"taxonomy":"product_cat","embeddable":true,"href":"https:\/\/ventspils.citro.lv\/ru\/wp-json\/wp\/v2\/product_cat?post=525960"},{"taxonomy":"product_tag","embeddable":true,"href":"https:\/\/ventspils.citro.lv\/ru\/wp-json\/wp\/v2\/product_tag?post=525960"}],"curies":[{"name":"wp","href":"https:\/\/api.w.org\/{rel}","templated":true}]}}