{"id":523,"date":"2026-05-12T03:39:50","date_gmt":"2026-05-12T00:39:50","guid":{"rendered":"http:\/\/cvent.dev.wmc.lv\/ventspils\/veikals\/tualetes-papirs-grite-family-3-slani-8-rulli-2\/"},"modified":"2026-05-12T03:40:00","modified_gmt":"2026-05-12T00:40:00","slug":"tualetes-papirs-grite-family-3slani-8rulli","status":"publish","type":"product","link":"https:\/\/ventspils.citro.lv\/ru\/veikals\/tualetes-papirs-grite-family-3slani-8rulli\/","title":{"rendered":"Tualetes pap\u012brs Grite Family 3sl\u0101\u0146i 8ru\u013c\u013ci"},"content":{"rendered":"","protected":false},"excerpt":{"rendered":"<p>0.49 \u20ac\/gb<\/p>\n","protected":false},"featured_media":1258634,"template":"","meta":{"_acf_changed":false,"inline_featured_image":false},"product_cat":[131,163],"product_tag":[],"acf":[],"aioseo_notices":[],"_links":{"self":[{"href":"https:\/\/ventspils.citro.lv\/ru\/wp-json\/wp\/v2\/product\/523"}],"collection":[{"href":"https:\/\/ventspils.citro.lv\/ru\/wp-json\/wp\/v2\/product"}],"about":[{"href":"https:\/\/ventspils.citro.lv\/ru\/wp-json\/wp\/v2\/types\/product"}],"wp:featuredmedia":[{"embeddable":true,"href":"https:\/\/ventspils.citro.lv\/ru\/wp-json\/wp\/v2\/media\/1258634"}],"wp:attachment":[{"href":"https:\/\/ventspils.citro.lv\/ru\/wp-json\/wp\/v2\/media?parent=523"}],"wp:term":[{"taxonomy":"product_cat","embeddable":true,"href":"https:\/\/ventspils.citro.lv\/ru\/wp-json\/wp\/v2\/product_cat?post=523"},{"taxonomy":"product_tag","embeddable":true,"href":"https:\/\/ventspils.citro.lv\/ru\/wp-json\/wp\/v2\/product_tag?post=523"}],"curies":[{"name":"wp","href":"https:\/\/api.w.org\/{rel}","templated":true}]}}