{"id":520222,"date":"2026-04-16T03:03:13","date_gmt":"2026-04-16T00:03:13","guid":{"rendered":"https:\/\/ventspils.citro.lv\/veikals\/cepumi-minutite-citro-200g\/"},"modified":"2026-04-16T03:03:19","modified_gmt":"2026-04-16T00:03:19","slug":"cepumi-minutite-citro-200g","status":"publish","type":"product","link":"https:\/\/ventspils.citro.lv\/ru\/veikals\/cepumi-minutite-citro-200g\/","title":{"rendered":"Cepumi Min\u016bt\u012bte Citro 200g"},"content":{"rendered":"<p>Sast\u0101vda\u013cas: KVIE\u0160U milti, margar\u012bns (rap\u0161u e\u013c\u013ca, sk\u0101buma regul\u0113t\u0101js (citronsk\u0101be), dab\u012bgs aromatiz\u0113t\u0101js, kr\u0101sviela (beta karot\u012bns)), cukurs, PIENS, vanil\u012bns. 100 g produkta satur: ener\u0123. V\u0113rt. 2379KJ\/569kcal,  tauki 32g, tostarp pies\u0101tin\u0101t\u0101s tauksk\u0101bes 10,9g, og\u013chidr\u0101ti 60,2g tostarp cukurs 25g, \u0161\u0137iedrvielas 2,2g, olbaltumvielas 8,2g, s\u0101ls 0,3g. Uzglab.temp.: istabas temp. Izlietot l\u012bdz: nor\u0101d\u012bts uz iepakojuma. Ra\u017eot\u0101js: SIA \u2018\u2019Di\u0101na Bistro\u2019\u2019, Andreja iela 5, Ventspils. Fas\u0113ts: AS &#171;Di\u0101na&#187; , Durbes iela 38\/40.<\/p>\n","protected":false},"excerpt":{"rendered":"<p>6.75 \u20ac\/kg<\/p>\n","protected":false},"featured_media":1246522,"template":"","meta":{"_acf_changed":false,"inline_featured_image":false},"product_cat":[125,139],"product_tag":[],"acf":[],"aioseo_notices":[],"_links":{"self":[{"href":"https:\/\/ventspils.citro.lv\/ru\/wp-json\/wp\/v2\/product\/520222"}],"collection":[{"href":"https:\/\/ventspils.citro.lv\/ru\/wp-json\/wp\/v2\/product"}],"about":[{"href":"https:\/\/ventspils.citro.lv\/ru\/wp-json\/wp\/v2\/types\/product"}],"wp:featuredmedia":[{"embeddable":true,"href":"https:\/\/ventspils.citro.lv\/ru\/wp-json\/wp\/v2\/media\/1246522"}],"wp:attachment":[{"href":"https:\/\/ventspils.citro.lv\/ru\/wp-json\/wp\/v2\/media?parent=520222"}],"wp:term":[{"taxonomy":"product_cat","embeddable":true,"href":"https:\/\/ventspils.citro.lv\/ru\/wp-json\/wp\/v2\/product_cat?post=520222"},{"taxonomy":"product_tag","embeddable":true,"href":"https:\/\/ventspils.citro.lv\/ru\/wp-json\/wp\/v2\/product_tag?post=520222"}],"curies":[{"name":"wp","href":"https:\/\/api.w.org\/{rel}","templated":true}]}}