{"id":517686,"date":"2026-04-23T09:48:43","date_gmt":"2026-04-23T06:48:43","guid":{"rendered":"https:\/\/ventspils.citro.lv\/veikals\/saulespuku-seklas-bazaro-melnas-ceptas-ar-sali-300g\/"},"modified":"2026-04-23T09:48:47","modified_gmt":"2026-04-23T06:48:47","slug":"saulespuku-seklas-bazaro-melnas-ceptas-ar-sali-300g","status":"publish","type":"product","link":"https:\/\/ventspils.citro.lv\/ru\/veikals\/saulespuku-seklas-bazaro-melnas-ceptas-ar-sali-300g\/","title":{"rendered":"Saulespu\u0137u s\u0113klas Bazaro melnas ceptas ar s\u0101li 300g"},"content":{"rendered":"","protected":false},"excerpt":{"rendered":"<p>11.30 \u20ac\/kg<\/p>\n","protected":false},"featured_media":1250697,"template":"","meta":{"_acf_changed":false,"inline_featured_image":false},"product_cat":[125,197],"product_tag":[],"acf":[],"aioseo_notices":[],"_links":{"self":[{"href":"https:\/\/ventspils.citro.lv\/ru\/wp-json\/wp\/v2\/product\/517686"}],"collection":[{"href":"https:\/\/ventspils.citro.lv\/ru\/wp-json\/wp\/v2\/product"}],"about":[{"href":"https:\/\/ventspils.citro.lv\/ru\/wp-json\/wp\/v2\/types\/product"}],"wp:featuredmedia":[{"embeddable":true,"href":"https:\/\/ventspils.citro.lv\/ru\/wp-json\/wp\/v2\/media\/1250697"}],"wp:attachment":[{"href":"https:\/\/ventspils.citro.lv\/ru\/wp-json\/wp\/v2\/media?parent=517686"}],"wp:term":[{"taxonomy":"product_cat","embeddable":true,"href":"https:\/\/ventspils.citro.lv\/ru\/wp-json\/wp\/v2\/product_cat?post=517686"},{"taxonomy":"product_tag","embeddable":true,"href":"https:\/\/ventspils.citro.lv\/ru\/wp-json\/wp\/v2\/product_tag?post=517686"}],"curies":[{"name":"wp","href":"https:\/\/api.w.org\/{rel}","templated":true}]}}