{"id":517673,"date":"2026-04-24T09:40:00","date_gmt":"2026-04-24T06:40:00","guid":{"rendered":"https:\/\/ventspils.citro.lv\/veikals\/mineraludens-dabigs-zakumuiza-tutas-lietas-0-31-l\/"},"modified":"2026-04-26T12:32:30","modified_gmt":"2026-04-26T09:32:30","slug":"mineraludens-dabigs-zakumuiza-tutas-lietas-0-31-l","status":"publish","type":"product","link":"https:\/\/ventspils.citro.lv\/ru\/veikals\/mineraludens-dabigs-zakumuiza-tutas-lietas-0-31-l\/","title":{"rendered":"Miner\u0101l\u016bdens dab\u012bgs Za\u0137umui\u017ea Tutas lietas 0.31 l"},"content":{"rendered":"","protected":false},"excerpt":{"rendered":"<p>1.90 \u20ac\/l<\/p>\n","protected":false},"featured_media":1252888,"template":"","meta":{"_acf_changed":false,"inline_featured_image":false},"product_cat":[106,186],"product_tag":[],"acf":[],"aioseo_notices":[],"_links":{"self":[{"href":"https:\/\/ventspils.citro.lv\/ru\/wp-json\/wp\/v2\/product\/517673"}],"collection":[{"href":"https:\/\/ventspils.citro.lv\/ru\/wp-json\/wp\/v2\/product"}],"about":[{"href":"https:\/\/ventspils.citro.lv\/ru\/wp-json\/wp\/v2\/types\/product"}],"wp:featuredmedia":[{"embeddable":true,"href":"https:\/\/ventspils.citro.lv\/ru\/wp-json\/wp\/v2\/media\/1252888"}],"wp:attachment":[{"href":"https:\/\/ventspils.citro.lv\/ru\/wp-json\/wp\/v2\/media?parent=517673"}],"wp:term":[{"taxonomy":"product_cat","embeddable":true,"href":"https:\/\/ventspils.citro.lv\/ru\/wp-json\/wp\/v2\/product_cat?post=517673"},{"taxonomy":"product_tag","embeddable":true,"href":"https:\/\/ventspils.citro.lv\/ru\/wp-json\/wp\/v2\/product_tag?post=517673"}],"curies":[{"name":"wp","href":"https:\/\/api.w.org\/{rel}","templated":true}]}}