{"id":517671,"date":"2026-04-28T04:06:03","date_gmt":"2026-04-28T01:06:03","guid":{"rendered":"https:\/\/ventspils.citro.lv\/veikals\/konfeksu-karba-roshen-assorti-tumsa-sokolade-154g\/"},"modified":"2026-04-28T04:06:19","modified_gmt":"2026-04-28T01:06:19","slug":"konfeksu-karba-roshen-assorti-tumsa-sokolade-154g","status":"publish","type":"product","link":"https:\/\/ventspils.citro.lv\/ru\/veikals\/konfeksu-karba-roshen-assorti-tumsa-sokolade-154g\/","title":{"rendered":"Konfek\u0161u k\u0101rba Roshen assorti tum\u0161\u0101 \u0161okol\u0101de 154g"},"content":{"rendered":"","protected":false},"excerpt":{"rendered":"<p>32.40 \u20ac\/kg<\/p>\n","protected":false},"featured_media":1254489,"template":"","meta":{"_acf_changed":false,"inline_featured_image":false},"product_cat":[125,200],"product_tag":[],"acf":[],"aioseo_notices":[],"_links":{"self":[{"href":"https:\/\/ventspils.citro.lv\/ru\/wp-json\/wp\/v2\/product\/517671"}],"collection":[{"href":"https:\/\/ventspils.citro.lv\/ru\/wp-json\/wp\/v2\/product"}],"about":[{"href":"https:\/\/ventspils.citro.lv\/ru\/wp-json\/wp\/v2\/types\/product"}],"wp:featuredmedia":[{"embeddable":true,"href":"https:\/\/ventspils.citro.lv\/ru\/wp-json\/wp\/v2\/media\/1254489"}],"wp:attachment":[{"href":"https:\/\/ventspils.citro.lv\/ru\/wp-json\/wp\/v2\/media?parent=517671"}],"wp:term":[{"taxonomy":"product_cat","embeddable":true,"href":"https:\/\/ventspils.citro.lv\/ru\/wp-json\/wp\/v2\/product_cat?post=517671"},{"taxonomy":"product_tag","embeddable":true,"href":"https:\/\/ventspils.citro.lv\/ru\/wp-json\/wp\/v2\/product_tag?post=517671"}],"curies":[{"name":"wp","href":"https:\/\/api.w.org\/{rel}","templated":true}]}}