{"id":517658,"date":"2026-03-27T10:09:34","date_gmt":"2026-03-27T08:09:34","guid":{"rendered":"https:\/\/ventspils.citro.lv\/veikals\/bariba-kakiem-whiskas-tasty-mix-1-jers-titars-4-paka-4x85g\/"},"modified":"2026-03-27T10:09:54","modified_gmt":"2026-03-27T08:09:54","slug":"bariba-kakiem-whiskas-tasty-mix-1-jers-titars-4-paka-4x85g","status":"publish","type":"product","link":"https:\/\/ventspils.citro.lv\/ru\/veikals\/bariba-kakiem-whiskas-tasty-mix-1-jers-titars-4-paka-4x85g\/","title":{"rendered":"Bar\u012bba ka\u0137iem Whiskas Tasty Mix 1+ j\u0113rs, t\u012btars 4-paka 4x85g"},"content":{"rendered":"","protected":false},"excerpt":{"rendered":"<p>6.91 \u20ac\/kg<\/p>\n","protected":false},"featured_media":1236496,"template":"","meta":{"_acf_changed":false,"inline_featured_image":false},"product_cat":[153,175],"product_tag":[],"acf":[],"aioseo_notices":[],"_links":{"self":[{"href":"https:\/\/ventspils.citro.lv\/ru\/wp-json\/wp\/v2\/product\/517658"}],"collection":[{"href":"https:\/\/ventspils.citro.lv\/ru\/wp-json\/wp\/v2\/product"}],"about":[{"href":"https:\/\/ventspils.citro.lv\/ru\/wp-json\/wp\/v2\/types\/product"}],"wp:featuredmedia":[{"embeddable":true,"href":"https:\/\/ventspils.citro.lv\/ru\/wp-json\/wp\/v2\/media\/1236496"}],"wp:attachment":[{"href":"https:\/\/ventspils.citro.lv\/ru\/wp-json\/wp\/v2\/media?parent=517658"}],"wp:term":[{"taxonomy":"product_cat","embeddable":true,"href":"https:\/\/ventspils.citro.lv\/ru\/wp-json\/wp\/v2\/product_cat?post=517658"},{"taxonomy":"product_tag","embeddable":true,"href":"https:\/\/ventspils.citro.lv\/ru\/wp-json\/wp\/v2\/product_tag?post=517658"}],"curies":[{"name":"wp","href":"https:\/\/api.w.org\/{rel}","templated":true}]}}