{"id":517655,"date":"2026-04-30T02:45:02","date_gmt":"2026-04-29T23:45:02","guid":{"rendered":"https:\/\/ventspils.citro.lv\/veikals\/bariba-kakiem-whiskas-1-ar-majputnu-izlase-4-paka-485g\/"},"modified":"2026-04-30T02:45:07","modified_gmt":"2026-04-29T23:45:07","slug":"bariba-kakiem-whiskas-1-ar-majputnu-izlase-4-paka-485g","status":"publish","type":"product","link":"https:\/\/ventspils.citro.lv\/ru\/veikals\/bariba-kakiem-whiskas-1-ar-majputnu-izlase-4-paka-485g\/","title":{"rendered":"Bar\u012bba ka\u0137iem Whiskas 1+ ar m\u0101jputnu izlase 4-paka 4*85g"},"content":{"rendered":"","protected":false},"excerpt":{"rendered":"<p>6.91 \u20ac\/kg<\/p>\n","protected":false},"featured_media":1255160,"template":"","meta":{"_acf_changed":false,"inline_featured_image":false},"product_cat":[153,175],"product_tag":[],"acf":[],"aioseo_notices":[],"_links":{"self":[{"href":"https:\/\/ventspils.citro.lv\/ru\/wp-json\/wp\/v2\/product\/517655"}],"collection":[{"href":"https:\/\/ventspils.citro.lv\/ru\/wp-json\/wp\/v2\/product"}],"about":[{"href":"https:\/\/ventspils.citro.lv\/ru\/wp-json\/wp\/v2\/types\/product"}],"wp:featuredmedia":[{"embeddable":true,"href":"https:\/\/ventspils.citro.lv\/ru\/wp-json\/wp\/v2\/media\/1255160"}],"wp:attachment":[{"href":"https:\/\/ventspils.citro.lv\/ru\/wp-json\/wp\/v2\/media?parent=517655"}],"wp:term":[{"taxonomy":"product_cat","embeddable":true,"href":"https:\/\/ventspils.citro.lv\/ru\/wp-json\/wp\/v2\/product_cat?post=517655"},{"taxonomy":"product_tag","embeddable":true,"href":"https:\/\/ventspils.citro.lv\/ru\/wp-json\/wp\/v2\/product_tag?post=517655"}],"curies":[{"name":"wp","href":"https:\/\/api.w.org\/{rel}","templated":true}]}}