{"id":51205,"date":"2026-02-06T01:00:49","date_gmt":"2026-02-05T23:00:49","guid":{"rendered":"https:\/\/ventspils.citro.lv\/veikals\/baterija-philips-c-powerlife-2gb\/"},"modified":"2026-02-06T01:00:55","modified_gmt":"2026-02-05T23:00:55","slug":"baterija-philips-c-powerlife-2gb","status":"publish","type":"product","link":"https:\/\/ventspils.citro.lv\/ru\/veikals\/baterija-philips-c-powerlife-2gb\/","title":{"rendered":"Baterija Philips C Powerlife 2gb"},"content":{"rendered":"<p>Philips C Powerlife baterijas ir paredz\u0113tas liel\u0101k\u0101m elektronikas ier\u012bc\u0113m, piem\u0113ram, luktur\u012b\u0161iem, rota\u013cliet\u0101m un radio. \u0160\u012bs baterijas nodro\u0161ina augstu ietilp\u012bbu un uzticamu jaudu ilgsto\u0161ai lieto\u0161anai. Philips baterijas izce\u013cas ar dro\u0161\u012bbu un ilgu kalpo\u0161anas laiku. Baterijas veids &#8212; C LR14, komplekt\u0101 2 gb.<\/p>\n","protected":false},"excerpt":{"rendered":"<p>2.20 \u20ac\/gb<\/p>\n","protected":false},"featured_media":1205508,"template":"","meta":{"_acf_changed":false,"inline_featured_image":false},"product_cat":[236,131],"product_tag":[],"acf":[],"aioseo_notices":[],"_links":{"self":[{"href":"https:\/\/ventspils.citro.lv\/ru\/wp-json\/wp\/v2\/product\/51205"}],"collection":[{"href":"https:\/\/ventspils.citro.lv\/ru\/wp-json\/wp\/v2\/product"}],"about":[{"href":"https:\/\/ventspils.citro.lv\/ru\/wp-json\/wp\/v2\/types\/product"}],"wp:featuredmedia":[{"embeddable":true,"href":"https:\/\/ventspils.citro.lv\/ru\/wp-json\/wp\/v2\/media\/1205508"}],"wp:attachment":[{"href":"https:\/\/ventspils.citro.lv\/ru\/wp-json\/wp\/v2\/media?parent=51205"}],"wp:term":[{"taxonomy":"product_cat","embeddable":true,"href":"https:\/\/ventspils.citro.lv\/ru\/wp-json\/wp\/v2\/product_cat?post=51205"},{"taxonomy":"product_tag","embeddable":true,"href":"https:\/\/ventspils.citro.lv\/ru\/wp-json\/wp\/v2\/product_tag?post=51205"}],"curies":[{"name":"wp","href":"https:\/\/api.w.org\/{rel}","templated":true}]}}