{"id":50654,"date":"2026-04-24T08:06:24","date_gmt":"2026-04-24T05:06:24","guid":{"rendered":"https:\/\/ventspils.citro.lv\/veikals\/desinas-martina-300g\/"},"modified":"2026-04-24T08:06:28","modified_gmt":"2026-04-24T05:06:28","slug":"desinas-martina-rm-300g","status":"publish","type":"product","link":"https:\/\/ventspils.citro.lv\/ru\/veikals\/desinas-martina-rm-300g\/","title":{"rendered":"Desi\u0146as M\u0101rti\u0146a RM 300g"},"content":{"rendered":"","protected":false},"excerpt":{"rendered":"<p>8.17 \u20ac\/kg<\/p>\n","protected":false},"featured_media":1252477,"template":"","meta":{"_acf_changed":false,"inline_featured_image":false},"product_cat":[135,177],"product_tag":[],"acf":[],"aioseo_notices":[],"_links":{"self":[{"href":"https:\/\/ventspils.citro.lv\/ru\/wp-json\/wp\/v2\/product\/50654"}],"collection":[{"href":"https:\/\/ventspils.citro.lv\/ru\/wp-json\/wp\/v2\/product"}],"about":[{"href":"https:\/\/ventspils.citro.lv\/ru\/wp-json\/wp\/v2\/types\/product"}],"wp:featuredmedia":[{"embeddable":true,"href":"https:\/\/ventspils.citro.lv\/ru\/wp-json\/wp\/v2\/media\/1252477"}],"wp:attachment":[{"href":"https:\/\/ventspils.citro.lv\/ru\/wp-json\/wp\/v2\/media?parent=50654"}],"wp:term":[{"taxonomy":"product_cat","embeddable":true,"href":"https:\/\/ventspils.citro.lv\/ru\/wp-json\/wp\/v2\/product_cat?post=50654"},{"taxonomy":"product_tag","embeddable":true,"href":"https:\/\/ventspils.citro.lv\/ru\/wp-json\/wp\/v2\/product_tag?post=50654"}],"curies":[{"name":"wp","href":"https:\/\/api.w.org\/{rel}","templated":true}]}}