{"id":504990,"date":"2026-03-27T10:03:25","date_gmt":"2026-03-27T08:03:25","guid":{"rendered":"https:\/\/ventspils.citro.lv\/veikals\/bariba-suniem-piper-medijumskirbis-0-8kg\/"},"modified":"2026-05-14T10:08:49","modified_gmt":"2026-05-14T07:08:49","slug":"bariba-suniem-piper-medijumskirbis-0-8kg","status":"publish","type":"product","link":"https:\/\/ventspils.citro.lv\/ru\/veikals\/bariba-suniem-piper-medijumskirbis-0-8kg\/","title":{"rendered":"Bar\u012bba su\u0146iem Piper Med\u012bjums,\u0137irbis 0.8kg"},"content":{"rendered":"","protected":false},"excerpt":{"rendered":"<p>4.86 \u20ac\/kg<\/p>\n","protected":false},"featured_media":1236469,"template":"","meta":{"_acf_changed":false,"inline_featured_image":false},"product_cat":[617,153],"product_tag":[],"acf":[],"aioseo_notices":[],"_links":{"self":[{"href":"https:\/\/ventspils.citro.lv\/ru\/wp-json\/wp\/v2\/product\/504990"}],"collection":[{"href":"https:\/\/ventspils.citro.lv\/ru\/wp-json\/wp\/v2\/product"}],"about":[{"href":"https:\/\/ventspils.citro.lv\/ru\/wp-json\/wp\/v2\/types\/product"}],"wp:featuredmedia":[{"embeddable":true,"href":"https:\/\/ventspils.citro.lv\/ru\/wp-json\/wp\/v2\/media\/1236469"}],"wp:attachment":[{"href":"https:\/\/ventspils.citro.lv\/ru\/wp-json\/wp\/v2\/media?parent=504990"}],"wp:term":[{"taxonomy":"product_cat","embeddable":true,"href":"https:\/\/ventspils.citro.lv\/ru\/wp-json\/wp\/v2\/product_cat?post=504990"},{"taxonomy":"product_tag","embeddable":true,"href":"https:\/\/ventspils.citro.lv\/ru\/wp-json\/wp\/v2\/product_tag?post=504990"}],"curies":[{"name":"wp","href":"https:\/\/api.w.org\/{rel}","templated":true}]}}