{"id":504985,"date":"2026-04-24T09:30:32","date_gmt":"2026-04-24T06:30:32","guid":{"rendered":"https:\/\/ventspils.citro.lv\/veikals\/sokolades-tafele-serenade-tums-s-aprik-un-lazd-riekst-90g\/"},"modified":"2026-04-24T09:30:42","modified_gmt":"2026-04-24T06:30:42","slug":"sokolades-tafele-serenade-tums-s-aprik-un-lazd-riekst-90g","status":"publish","type":"product","link":"https:\/\/ventspils.citro.lv\/ru\/veikals\/sokolades-tafele-serenade-tums-s-aprik-un-lazd-riekst-90g\/","title":{"rendered":"\u0160okol\u0101des t\u0101fele Seren\u0101de tum\u0161.\u0161.aprik.un lazd.riekst. 90g"},"content":{"rendered":"","protected":false},"excerpt":{"rendered":"<p>26.56 \u20ac\/kg<\/p>\n","protected":false},"featured_media":1252852,"template":"","meta":{"_acf_changed":false,"inline_featured_image":false},"product_cat":[547,125],"product_tag":[],"acf":[],"aioseo_notices":[],"_links":{"self":[{"href":"https:\/\/ventspils.citro.lv\/ru\/wp-json\/wp\/v2\/product\/504985"}],"collection":[{"href":"https:\/\/ventspils.citro.lv\/ru\/wp-json\/wp\/v2\/product"}],"about":[{"href":"https:\/\/ventspils.citro.lv\/ru\/wp-json\/wp\/v2\/types\/product"}],"wp:featuredmedia":[{"embeddable":true,"href":"https:\/\/ventspils.citro.lv\/ru\/wp-json\/wp\/v2\/media\/1252852"}],"wp:attachment":[{"href":"https:\/\/ventspils.citro.lv\/ru\/wp-json\/wp\/v2\/media?parent=504985"}],"wp:term":[{"taxonomy":"product_cat","embeddable":true,"href":"https:\/\/ventspils.citro.lv\/ru\/wp-json\/wp\/v2\/product_cat?post=504985"},{"taxonomy":"product_tag","embeddable":true,"href":"https:\/\/ventspils.citro.lv\/ru\/wp-json\/wp\/v2\/product_tag?post=504985"}],"curies":[{"name":"wp","href":"https:\/\/api.w.org\/{rel}","templated":true}]}}