{"id":504982,"date":"2026-05-09T01:21:17","date_gmt":"2026-05-08T22:21:17","guid":{"rendered":"https:\/\/ventspils.citro.lv\/veikals\/skabeti-kaposti-ar-burkaniem-650g\/"},"modified":"2026-05-09T01:21:27","modified_gmt":"2026-05-08T22:21:27","slug":"skabeti-kaposti-ar-burkaniem-650g","status":"publish","type":"product","link":"https:\/\/ventspils.citro.lv\/ru\/veikals\/skabeti-kaposti-ar-burkaniem-650g\/","title":{"rendered":"Sk\u0101b\u0113ti k\u0101posti ar burk\u0101niem  650g"},"content":{"rendered":"","protected":false},"excerpt":{"rendered":"<p>2.45 \u20ac\/gb<\/p>\n","protected":false},"featured_media":1258188,"template":"","meta":{"_acf_changed":false,"inline_featured_image":false},"product_cat":[97,159],"product_tag":[],"acf":[],"aioseo_notices":[],"_links":{"self":[{"href":"https:\/\/ventspils.citro.lv\/ru\/wp-json\/wp\/v2\/product\/504982"}],"collection":[{"href":"https:\/\/ventspils.citro.lv\/ru\/wp-json\/wp\/v2\/product"}],"about":[{"href":"https:\/\/ventspils.citro.lv\/ru\/wp-json\/wp\/v2\/types\/product"}],"wp:featuredmedia":[{"embeddable":true,"href":"https:\/\/ventspils.citro.lv\/ru\/wp-json\/wp\/v2\/media\/1258188"}],"wp:attachment":[{"href":"https:\/\/ventspils.citro.lv\/ru\/wp-json\/wp\/v2\/media?parent=504982"}],"wp:term":[{"taxonomy":"product_cat","embeddable":true,"href":"https:\/\/ventspils.citro.lv\/ru\/wp-json\/wp\/v2\/product_cat?post=504982"},{"taxonomy":"product_tag","embeddable":true,"href":"https:\/\/ventspils.citro.lv\/ru\/wp-json\/wp\/v2\/product_tag?post=504982"}],"curies":[{"name":"wp","href":"https:\/\/api.w.org\/{rel}","templated":true}]}}