{"id":504960,"date":"2026-04-24T09:21:47","date_gmt":"2026-04-24T06:21:47","guid":{"rendered":"https:\/\/ventspils.citro.lv\/veikals\/biezenis-rudolfs-darzeni-ar-lecam-un-titaru-110g\/"},"modified":"2026-04-24T09:21:56","modified_gmt":"2026-04-24T06:21:56","slug":"biezenis-rudolfs-darzeni-ar-lecam-un-titaru-110g","status":"publish","type":"product","link":"https:\/\/ventspils.citro.lv\/ru\/veikals\/biezenis-rudolfs-darzeni-ar-lecam-un-titaru-110g\/","title":{"rendered":"Biezenis R\u016bdolfs D\u0101rze\u0146i ar l\u0113c\u0101m un t\u012btaru 110g"},"content":{"rendered":"","protected":false},"excerpt":{"rendered":"<p>16.55 \u20ac\/kg<\/p>\n","protected":false},"featured_media":1252810,"template":"","meta":{"_acf_changed":false,"inline_featured_image":false},"product_cat":[172,173],"product_tag":[],"acf":[],"aioseo_notices":[],"_links":{"self":[{"href":"https:\/\/ventspils.citro.lv\/ru\/wp-json\/wp\/v2\/product\/504960"}],"collection":[{"href":"https:\/\/ventspils.citro.lv\/ru\/wp-json\/wp\/v2\/product"}],"about":[{"href":"https:\/\/ventspils.citro.lv\/ru\/wp-json\/wp\/v2\/types\/product"}],"wp:featuredmedia":[{"embeddable":true,"href":"https:\/\/ventspils.citro.lv\/ru\/wp-json\/wp\/v2\/media\/1252810"}],"wp:attachment":[{"href":"https:\/\/ventspils.citro.lv\/ru\/wp-json\/wp\/v2\/media?parent=504960"}],"wp:term":[{"taxonomy":"product_cat","embeddable":true,"href":"https:\/\/ventspils.citro.lv\/ru\/wp-json\/wp\/v2\/product_cat?post=504960"},{"taxonomy":"product_tag","embeddable":true,"href":"https:\/\/ventspils.citro.lv\/ru\/wp-json\/wp\/v2\/product_tag?post=504960"}],"curies":[{"name":"wp","href":"https:\/\/api.w.org\/{rel}","templated":true}]}}