{"id":504956,"date":"2026-04-23T09:30:25","date_gmt":"2026-04-23T06:30:25","guid":{"rendered":"https:\/\/ventspils.citro.lv\/veikals\/biezenis-rudolfs-darzeni-ar-risiem-un-zivi-110g\/"},"modified":"2026-04-23T09:30:30","modified_gmt":"2026-04-23T06:30:30","slug":"biezenis-rudolfs-darzeni-ar-risiem-un-zivi-110g","status":"publish","type":"product","link":"https:\/\/ventspils.citro.lv\/ru\/veikals\/biezenis-rudolfs-darzeni-ar-risiem-un-zivi-110g\/","title":{"rendered":"Biezenis R\u016bdolfs d\u0101rze\u0146i ar r\u012bsiem un zivi 110g"},"content":{"rendered":"","protected":false},"excerpt":{"rendered":"<p>16.55 \u20ac\/kg<\/p>\n","protected":false},"featured_media":1250616,"template":"","meta":{"_acf_changed":false,"inline_featured_image":false},"product_cat":[172,173],"product_tag":[],"acf":[],"aioseo_notices":[],"_links":{"self":[{"href":"https:\/\/ventspils.citro.lv\/ru\/wp-json\/wp\/v2\/product\/504956"}],"collection":[{"href":"https:\/\/ventspils.citro.lv\/ru\/wp-json\/wp\/v2\/product"}],"about":[{"href":"https:\/\/ventspils.citro.lv\/ru\/wp-json\/wp\/v2\/types\/product"}],"wp:featuredmedia":[{"embeddable":true,"href":"https:\/\/ventspils.citro.lv\/ru\/wp-json\/wp\/v2\/media\/1250616"}],"wp:attachment":[{"href":"https:\/\/ventspils.citro.lv\/ru\/wp-json\/wp\/v2\/media?parent=504956"}],"wp:term":[{"taxonomy":"product_cat","embeddable":true,"href":"https:\/\/ventspils.citro.lv\/ru\/wp-json\/wp\/v2\/product_cat?post=504956"},{"taxonomy":"product_tag","embeddable":true,"href":"https:\/\/ventspils.citro.lv\/ru\/wp-json\/wp\/v2\/product_tag?post=504956"}],"curies":[{"name":"wp","href":"https:\/\/api.w.org\/{rel}","templated":true}]}}