{"id":503503,"date":"2026-03-04T03:06:47","date_gmt":"2026-03-04T01:06:47","guid":{"rendered":"https:\/\/ventspils.citro.lv\/veikals\/gurki-marineti-premium-slatava-860g\/"},"modified":"2026-04-02T10:38:18","modified_gmt":"2026-04-02T07:38:18","slug":"gurki-marineti-premium-slatava-860g","status":"publish","type":"product","link":"https:\/\/ventspils.citro.lv\/ru\/veikals\/gurki-marineti-premium-slatava-860g\/","title":{"rendered":"Gur\u0137i marin\u0113ti Premium Sl\u0101tava 860g"},"content":{"rendered":"","protected":false},"excerpt":{"rendered":"<p>2.66 \u20ac\/l<\/p>\n","protected":false},"featured_media":1221298,"template":"","meta":{"_acf_changed":false,"inline_featured_image":false},"product_cat":[103,140],"product_tag":[],"acf":[],"aioseo_notices":[],"_links":{"self":[{"href":"https:\/\/ventspils.citro.lv\/ru\/wp-json\/wp\/v2\/product\/503503"}],"collection":[{"href":"https:\/\/ventspils.citro.lv\/ru\/wp-json\/wp\/v2\/product"}],"about":[{"href":"https:\/\/ventspils.citro.lv\/ru\/wp-json\/wp\/v2\/types\/product"}],"wp:featuredmedia":[{"embeddable":true,"href":"https:\/\/ventspils.citro.lv\/ru\/wp-json\/wp\/v2\/media\/1221298"}],"wp:attachment":[{"href":"https:\/\/ventspils.citro.lv\/ru\/wp-json\/wp\/v2\/media?parent=503503"}],"wp:term":[{"taxonomy":"product_cat","embeddable":true,"href":"https:\/\/ventspils.citro.lv\/ru\/wp-json\/wp\/v2\/product_cat?post=503503"},{"taxonomy":"product_tag","embeddable":true,"href":"https:\/\/ventspils.citro.lv\/ru\/wp-json\/wp\/v2\/product_tag?post=503503"}],"curies":[{"name":"wp","href":"https:\/\/api.w.org\/{rel}","templated":true}]}}