{"id":4995,"date":"2026-03-04T01:12:19","date_gmt":"2026-03-03T23:12:19","guid":{"rendered":"https:\/\/eveikals.citro.lv\/ventspils\/veikals\/tomati-mizoti-blik-s-s-840g\/"},"modified":"2026-03-04T01:12:30","modified_gmt":"2026-03-03T23:12:30","slug":"tomati-mizoti-blik-sava-sula-840g","status":"publish","type":"product","link":"https:\/\/ventspils.citro.lv\/ru\/veikals\/tomati-mizoti-blik-sava-sula-840g\/","title":{"rendered":"Tom\u0101ti mizoti Blik sav\u0101 sul\u0101 840g"},"content":{"rendered":"","protected":false},"excerpt":{"rendered":"<p>3.04 \u20ac\/kg<\/p>\n","protected":false},"featured_media":1220901,"template":"","meta":{"_acf_changed":false,"inline_featured_image":false},"product_cat":[103,137],"product_tag":[],"acf":[],"aioseo_notices":[],"_links":{"self":[{"href":"https:\/\/ventspils.citro.lv\/ru\/wp-json\/wp\/v2\/product\/4995"}],"collection":[{"href":"https:\/\/ventspils.citro.lv\/ru\/wp-json\/wp\/v2\/product"}],"about":[{"href":"https:\/\/ventspils.citro.lv\/ru\/wp-json\/wp\/v2\/types\/product"}],"wp:featuredmedia":[{"embeddable":true,"href":"https:\/\/ventspils.citro.lv\/ru\/wp-json\/wp\/v2\/media\/1220901"}],"wp:attachment":[{"href":"https:\/\/ventspils.citro.lv\/ru\/wp-json\/wp\/v2\/media?parent=4995"}],"wp:term":[{"taxonomy":"product_cat","embeddable":true,"href":"https:\/\/ventspils.citro.lv\/ru\/wp-json\/wp\/v2\/product_cat?post=4995"},{"taxonomy":"product_tag","embeddable":true,"href":"https:\/\/ventspils.citro.lv\/ru\/wp-json\/wp\/v2\/product_tag?post=4995"}],"curies":[{"name":"wp","href":"https:\/\/api.w.org\/{rel}","templated":true}]}}