{"id":4986,"date":"2026-04-24T04:09:39","date_gmt":"2026-04-24T01:09:39","guid":{"rendered":"https:\/\/eveikals.citro.lv\/ventspils\/veikals\/bietes-marinetas-ar-kimenem-580ml\/"},"modified":"2026-04-24T04:09:44","modified_gmt":"2026-04-24T01:09:44","slug":"bietes-marinetas-ar-kimenem-580g-330g","status":"publish","type":"product","link":"https:\/\/ventspils.citro.lv\/ru\/veikals\/bietes-marinetas-ar-kimenem-580g-330g\/","title":{"rendered":"Bietes marin\u0113tas ar \u0137imen\u0113m 580g\/330g"},"content":{"rendered":"","protected":false},"excerpt":{"rendered":"<p>5.09 \u20ac\/kg<\/p>\n","protected":false},"featured_media":1251451,"template":"","meta":{"_acf_changed":false,"inline_featured_image":false},"product_cat":[103,137],"product_tag":[],"acf":[],"aioseo_notices":[],"_links":{"self":[{"href":"https:\/\/ventspils.citro.lv\/ru\/wp-json\/wp\/v2\/product\/4986"}],"collection":[{"href":"https:\/\/ventspils.citro.lv\/ru\/wp-json\/wp\/v2\/product"}],"about":[{"href":"https:\/\/ventspils.citro.lv\/ru\/wp-json\/wp\/v2\/types\/product"}],"wp:featuredmedia":[{"embeddable":true,"href":"https:\/\/ventspils.citro.lv\/ru\/wp-json\/wp\/v2\/media\/1251451"}],"wp:attachment":[{"href":"https:\/\/ventspils.citro.lv\/ru\/wp-json\/wp\/v2\/media?parent=4986"}],"wp:term":[{"taxonomy":"product_cat","embeddable":true,"href":"https:\/\/ventspils.citro.lv\/ru\/wp-json\/wp\/v2\/product_cat?post=4986"},{"taxonomy":"product_tag","embeddable":true,"href":"https:\/\/ventspils.citro.lv\/ru\/wp-json\/wp\/v2\/product_tag?post=4986"}],"curies":[{"name":"wp","href":"https:\/\/api.w.org\/{rel}","templated":true}]}}