{"id":4984,"date":"2026-03-31T02:42:26","date_gmt":"2026-03-30T23:42:26","guid":{"rendered":"https:\/\/eveikals.citro.lv\/ventspils\/veikals\/pupinas-cetru-veidu-maisijums-kok-400g\/"},"modified":"2026-03-31T02:42:31","modified_gmt":"2026-03-30T23:42:31","slug":"pupinas-cetru-veidu-maisijums-kok-400g-240g","status":"publish","type":"product","link":"https:\/\/ventspils.citro.lv\/ru\/veikals\/pupinas-cetru-veidu-maisijums-kok-400g-240g\/","title":{"rendered":"Pupi\u0146as \u010detru veidu mais\u012bjums Kok 400g\/240g"},"content":{"rendered":"","protected":false},"excerpt":{"rendered":"<p>2.73 \u20ac\/kg<\/p>\n","protected":false},"featured_media":1237945,"template":"","meta":{"_acf_changed":false,"inline_featured_image":false},"product_cat":[103,137],"product_tag":[],"acf":[],"aioseo_notices":[],"_links":{"self":[{"href":"https:\/\/ventspils.citro.lv\/ru\/wp-json\/wp\/v2\/product\/4984"}],"collection":[{"href":"https:\/\/ventspils.citro.lv\/ru\/wp-json\/wp\/v2\/product"}],"about":[{"href":"https:\/\/ventspils.citro.lv\/ru\/wp-json\/wp\/v2\/types\/product"}],"wp:featuredmedia":[{"embeddable":true,"href":"https:\/\/ventspils.citro.lv\/ru\/wp-json\/wp\/v2\/media\/1237945"}],"wp:attachment":[{"href":"https:\/\/ventspils.citro.lv\/ru\/wp-json\/wp\/v2\/media?parent=4984"}],"wp:term":[{"taxonomy":"product_cat","embeddable":true,"href":"https:\/\/ventspils.citro.lv\/ru\/wp-json\/wp\/v2\/product_cat?post=4984"},{"taxonomy":"product_tag","embeddable":true,"href":"https:\/\/ventspils.citro.lv\/ru\/wp-json\/wp\/v2\/product_tag?post=4984"}],"curies":[{"name":"wp","href":"https:\/\/api.w.org\/{rel}","templated":true}]}}