{"id":4976,"date":"2026-05-08T02:21:02","date_gmt":"2026-05-07T23:21:02","guid":{"rendered":"https:\/\/eveikals.citro.lv\/ventspils\/veikals\/pupas-tomatu-merce-kok-400g\/"},"modified":"2026-05-12T16:34:29","modified_gmt":"2026-05-12T13:34:29","slug":"pupas-tomatu-merce-kok-400g-240g","status":"publish","type":"product","link":"https:\/\/ventspils.citro.lv\/ru\/veikals\/pupas-tomatu-merce-kok-400g-240g\/","title":{"rendered":"Pupas tom\u0101tu m\u0113rc\u0113 Kok 400g\/240g"},"content":{"rendered":"","protected":false},"excerpt":{"rendered":"<p>1.98 \u20ac\/kg<\/p>\n","protected":false},"featured_media":1257439,"template":"","meta":{"_acf_changed":false,"inline_featured_image":false},"product_cat":[103,137],"product_tag":[],"acf":[],"aioseo_notices":[],"_links":{"self":[{"href":"https:\/\/ventspils.citro.lv\/ru\/wp-json\/wp\/v2\/product\/4976"}],"collection":[{"href":"https:\/\/ventspils.citro.lv\/ru\/wp-json\/wp\/v2\/product"}],"about":[{"href":"https:\/\/ventspils.citro.lv\/ru\/wp-json\/wp\/v2\/types\/product"}],"wp:featuredmedia":[{"embeddable":true,"href":"https:\/\/ventspils.citro.lv\/ru\/wp-json\/wp\/v2\/media\/1257439"}],"wp:attachment":[{"href":"https:\/\/ventspils.citro.lv\/ru\/wp-json\/wp\/v2\/media?parent=4976"}],"wp:term":[{"taxonomy":"product_cat","embeddable":true,"href":"https:\/\/ventspils.citro.lv\/ru\/wp-json\/wp\/v2\/product_cat?post=4976"},{"taxonomy":"product_tag","embeddable":true,"href":"https:\/\/ventspils.citro.lv\/ru\/wp-json\/wp\/v2\/product_tag?post=4976"}],"curies":[{"name":"wp","href":"https:\/\/api.w.org\/{rel}","templated":true}]}}