{"id":4961,"date":"2026-03-04T01:39:28","date_gmt":"2026-03-03T23:39:28","guid":{"rendered":"https:\/\/eveikals.citro.lv\/ventspils\/veikals\/zupa-solanka-skabetu-kapostu-480g\/"},"modified":"2026-03-04T01:39:37","modified_gmt":"2026-03-03T23:39:37","slug":"zupa-solanka-skabetu-kapostu-kok-480g","status":"publish","type":"product","link":"https:\/\/ventspils.citro.lv\/ru\/veikals\/zupa-solanka-skabetu-kapostu-kok-480g\/","title":{"rendered":"Zupa So\u013canka sk\u0101b\u0113tu k\u0101postu KOK 480g"},"content":{"rendered":"","protected":false},"excerpt":{"rendered":"<p>4.06 \u20ac\/kg<\/p>\n","protected":false},"featured_media":1220979,"template":"","meta":{"_acf_changed":false,"inline_featured_image":false},"product_cat":[103,137],"product_tag":[],"acf":[],"aioseo_notices":[],"_links":{"self":[{"href":"https:\/\/ventspils.citro.lv\/ru\/wp-json\/wp\/v2\/product\/4961"}],"collection":[{"href":"https:\/\/ventspils.citro.lv\/ru\/wp-json\/wp\/v2\/product"}],"about":[{"href":"https:\/\/ventspils.citro.lv\/ru\/wp-json\/wp\/v2\/types\/product"}],"wp:featuredmedia":[{"embeddable":true,"href":"https:\/\/ventspils.citro.lv\/ru\/wp-json\/wp\/v2\/media\/1220979"}],"wp:attachment":[{"href":"https:\/\/ventspils.citro.lv\/ru\/wp-json\/wp\/v2\/media?parent=4961"}],"wp:term":[{"taxonomy":"product_cat","embeddable":true,"href":"https:\/\/ventspils.citro.lv\/ru\/wp-json\/wp\/v2\/product_cat?post=4961"},{"taxonomy":"product_tag","embeddable":true,"href":"https:\/\/ventspils.citro.lv\/ru\/wp-json\/wp\/v2\/product_tag?post=4961"}],"curies":[{"name":"wp","href":"https:\/\/api.w.org\/{rel}","templated":true}]}}