{"id":4958,"date":"2026-03-04T02:27:03","date_gmt":"2026-03-04T00:27:03","guid":{"rendered":"https:\/\/eveikals.citro.lv\/ventspils\/veikals\/zupa-borscs-ar-liellopu-galu-kok-480g\/"},"modified":"2026-03-04T02:27:08","modified_gmt":"2026-03-04T00:27:08","slug":"zupa-borscs-ar-liellopu-galu-kok-480g","status":"publish","type":"product","link":"https:\/\/ventspils.citro.lv\/ru\/veikals\/zupa-borscs-ar-liellopu-galu-kok-480g\/","title":{"rendered":"Zupa Bor\u0161\u010ds ar liellopu ga\u013cu Kok 480G"},"content":{"rendered":"","protected":false},"excerpt":{"rendered":"<p>6.23 \u20ac\/kg<\/p>\n","protected":false},"featured_media":1221122,"template":"","meta":{"_acf_changed":false,"inline_featured_image":false},"product_cat":[103,137],"product_tag":[],"acf":[],"aioseo_notices":[],"_links":{"self":[{"href":"https:\/\/ventspils.citro.lv\/ru\/wp-json\/wp\/v2\/product\/4958"}],"collection":[{"href":"https:\/\/ventspils.citro.lv\/ru\/wp-json\/wp\/v2\/product"}],"about":[{"href":"https:\/\/ventspils.citro.lv\/ru\/wp-json\/wp\/v2\/types\/product"}],"wp:featuredmedia":[{"embeddable":true,"href":"https:\/\/ventspils.citro.lv\/ru\/wp-json\/wp\/v2\/media\/1221122"}],"wp:attachment":[{"href":"https:\/\/ventspils.citro.lv\/ru\/wp-json\/wp\/v2\/media?parent=4958"}],"wp:term":[{"taxonomy":"product_cat","embeddable":true,"href":"https:\/\/ventspils.citro.lv\/ru\/wp-json\/wp\/v2\/product_cat?post=4958"},{"taxonomy":"product_tag","embeddable":true,"href":"https:\/\/ventspils.citro.lv\/ru\/wp-json\/wp\/v2\/product_tag?post=4958"}],"curies":[{"name":"wp","href":"https:\/\/api.w.org\/{rel}","templated":true}]}}