{"id":4955,"date":"2026-03-04T02:30:02","date_gmt":"2026-03-04T00:30:02","guid":{"rendered":"https:\/\/eveikals.citro.lv\/ventspils\/veikals\/zupa-solanka-ar-cukgalu-kok-480g\/"},"modified":"2026-03-06T11:55:43","modified_gmt":"2026-03-06T09:55:43","slug":"zupa-solanka-ar-cukgalu-kok-480g","status":"publish","type":"product","link":"https:\/\/ventspils.citro.lv\/ru\/veikals\/zupa-solanka-ar-cukgalu-kok-480g\/","title":{"rendered":"Zupa So\u013canka ar c\u016bkga\u013cu Kok 480g"},"content":{"rendered":"","protected":false},"excerpt":{"rendered":"<p>7.19 \u20ac\/kg<\/p>\n","protected":false},"featured_media":1221134,"template":"","meta":{"_acf_changed":false,"inline_featured_image":false},"product_cat":[103,137],"product_tag":[],"acf":[],"aioseo_notices":[],"_links":{"self":[{"href":"https:\/\/ventspils.citro.lv\/ru\/wp-json\/wp\/v2\/product\/4955"}],"collection":[{"href":"https:\/\/ventspils.citro.lv\/ru\/wp-json\/wp\/v2\/product"}],"about":[{"href":"https:\/\/ventspils.citro.lv\/ru\/wp-json\/wp\/v2\/types\/product"}],"wp:featuredmedia":[{"embeddable":true,"href":"https:\/\/ventspils.citro.lv\/ru\/wp-json\/wp\/v2\/media\/1221134"}],"wp:attachment":[{"href":"https:\/\/ventspils.citro.lv\/ru\/wp-json\/wp\/v2\/media?parent=4955"}],"wp:term":[{"taxonomy":"product_cat","embeddable":true,"href":"https:\/\/ventspils.citro.lv\/ru\/wp-json\/wp\/v2\/product_cat?post=4955"},{"taxonomy":"product_tag","embeddable":true,"href":"https:\/\/ventspils.citro.lv\/ru\/wp-json\/wp\/v2\/product_tag?post=4955"}],"curies":[{"name":"wp","href":"https:\/\/api.w.org\/{rel}","templated":true}]}}