{"id":4953,"date":"2026-04-24T03:58:22","date_gmt":"2026-04-24T00:58:22","guid":{"rendered":"https:\/\/eveikals.citro.lv\/ventspils\/veikals\/zirni-zalie-bonduelle-bundza-200g\/"},"modified":"2026-04-24T08:41:38","modified_gmt":"2026-04-24T05:41:38","slug":"zirni-zalie-bonduelle-bundza-200g-130g","status":"publish","type":"product","link":"https:\/\/ventspils.citro.lv\/ru\/veikals\/zirni-zalie-bonduelle-bundza-200g-130g\/","title":{"rendered":"Zir\u0146i za\u013cie Bonduelle bund\u017ea 200g\/130g"},"content":{"rendered":"","protected":false},"excerpt":{"rendered":"<p>5.95 \u20ac\/kg<\/p>\n","protected":false},"featured_media":1251404,"template":"","meta":{"_acf_changed":false,"inline_featured_image":false},"product_cat":[103,137],"product_tag":[],"acf":[],"aioseo_notices":[],"_links":{"self":[{"href":"https:\/\/ventspils.citro.lv\/ru\/wp-json\/wp\/v2\/product\/4953"}],"collection":[{"href":"https:\/\/ventspils.citro.lv\/ru\/wp-json\/wp\/v2\/product"}],"about":[{"href":"https:\/\/ventspils.citro.lv\/ru\/wp-json\/wp\/v2\/types\/product"}],"wp:featuredmedia":[{"embeddable":true,"href":"https:\/\/ventspils.citro.lv\/ru\/wp-json\/wp\/v2\/media\/1251404"}],"wp:attachment":[{"href":"https:\/\/ventspils.citro.lv\/ru\/wp-json\/wp\/v2\/media?parent=4953"}],"wp:term":[{"taxonomy":"product_cat","embeddable":true,"href":"https:\/\/ventspils.citro.lv\/ru\/wp-json\/wp\/v2\/product_cat?post=4953"},{"taxonomy":"product_tag","embeddable":true,"href":"https:\/\/ventspils.citro.lv\/ru\/wp-json\/wp\/v2\/product_tag?post=4953"}],"curies":[{"name":"wp","href":"https:\/\/api.w.org\/{rel}","templated":true}]}}