{"id":49332,"date":"2026-04-03T00:49:14","date_gmt":"2026-04-02T21:49:14","guid":{"rendered":"https:\/\/ventspils.citro.lv\/veikals\/silku-fileja-cepta-tomatu-merce-norvelita\/"},"modified":"2026-04-03T00:49:20","modified_gmt":"2026-04-02T21:49:20","slug":"silku-fileja-cepta-tomatu-merce-norvelita","status":"publish","type":"product","link":"https:\/\/ventspils.citro.lv\/ru\/veikals\/silku-fileja-cepta-tomatu-merce-norvelita\/","title":{"rendered":"Si\u013c\u0137u fileja cepta tom\u0101tu m\u0113rc\u0113 Norvelita"},"content":{"rendered":"<p>Sast\u0101vda\u013cas: cepta marin\u0113ta Atlantijas oke\u0101na SI\u013b\u0136U fileja 61% (Atlantijas SI\u013b\u0136U (Clupea harengus harengus) fileja, cukurs pan\u0113jums (pan\u0113\u0161ana sausi\u0146i (KVIE\u0160U milti, \u016bdens, galda s\u0101ls, raugs), KVIE\u0160U milti, aromatiz\u0113t\u0101js un gar\u0161as pastiprin\u0101t\u0101js E621, galda s\u0101ls, OLU pulveris, gar\u0161vielas (kurkuma, p\u0113ters\u012b\u013ci, s\u012bpoli), cukurs, antioksidants E330), sk\u0101buma regulators E260, galda s\u0101ls)), tom\u0101tu m\u0113rce 39% (\u016bdens, tom\u0101tu pasta, sukurs, s\u012bpoli, rap\u0161u e\u013c\u013ca, modific\u0113ta ciete, galda s\u0101ls, sk\u0101buma regulators E260, gar\u0161vielas, konservants E211). Nozvejots: Norv\u0113\u0123ijas j\u016bra. Pieejam\u0101s zivju kaulu paliekas. 100g produkta ener\u0123ijas un uzturv\u0113rt\u012bba: ener\u0123\u0113tisk\u0101 v\u0113rt\u012bba 478kJ\/115kcal, tauki 6,7g, no t\u0101m pies\u0101tin\u0101t\u0101s tauksk\u0101bes 1,1g, og\u013chidr\u0101ti 7,1g, no tiem 4,5g cukuru un 0,5g \u0161\u0137iedrvielu g, olbaltumvielas 6,2g, s\u0101\u013ci 0,4g. P\u0113c iepakojuma atv\u0113r\u0161anas produktu izlietot 5 dienu laik\u0101, bet ne ilg\u0101k par nor\u0101d\u012bt\u0101 der\u012bguma termi\u0146a beig\u0101m. Uzglab\u0101t pie temperat\u016bras: 0&#8230;+6C.<\/p>\n","protected":false},"excerpt":{"rendered":"<p>5.99 \u20ac\/kg<\/p>\n","protected":false},"featured_media":1239343,"template":"","meta":{"_acf_changed":false,"inline_featured_image":false},"product_cat":[586,135],"product_tag":[],"acf":[],"aioseo_notices":[],"_links":{"self":[{"href":"https:\/\/ventspils.citro.lv\/ru\/wp-json\/wp\/v2\/product\/49332"}],"collection":[{"href":"https:\/\/ventspils.citro.lv\/ru\/wp-json\/wp\/v2\/product"}],"about":[{"href":"https:\/\/ventspils.citro.lv\/ru\/wp-json\/wp\/v2\/types\/product"}],"wp:featuredmedia":[{"embeddable":true,"href":"https:\/\/ventspils.citro.lv\/ru\/wp-json\/wp\/v2\/media\/1239343"}],"wp:attachment":[{"href":"https:\/\/ventspils.citro.lv\/ru\/wp-json\/wp\/v2\/media?parent=49332"}],"wp:term":[{"taxonomy":"product_cat","embeddable":true,"href":"https:\/\/ventspils.citro.lv\/ru\/wp-json\/wp\/v2\/product_cat?post=49332"},{"taxonomy":"product_tag","embeddable":true,"href":"https:\/\/ventspils.citro.lv\/ru\/wp-json\/wp\/v2\/product_tag?post=49332"}],"curies":[{"name":"wp","href":"https:\/\/api.w.org\/{rel}","templated":true}]}}