{"id":4931,"date":"2026-04-10T04:18:59","date_gmt":"2026-04-10T01:18:59","guid":{"rendered":"https:\/\/eveikals.citro.lv\/ventspils\/veikals\/olivas-zalas-pilditas-ar-lasi-mikado-280ml\/"},"modified":"2026-04-10T04:19:10","modified_gmt":"2026-04-10T01:19:10","slug":"olivas-zalas-pilditas-ar-lasi-mikado-300ml-90g","status":"publish","type":"product","link":"https:\/\/ventspils.citro.lv\/ru\/veikals\/olivas-zalas-pilditas-ar-lasi-mikado-300ml-90g\/","title":{"rendered":"Ol\u012bvas za\u013c\u0101s pild\u012btas ar lasi Mikado 300ml\/90g"},"content":{"rendered":"","protected":false},"excerpt":{"rendered":"<p>4.97 \u20ac\/l<\/p>\n","protected":false},"featured_media":1242819,"template":"","meta":{"_acf_changed":false,"inline_featured_image":false},"product_cat":[572,103],"product_tag":[],"acf":[],"aioseo_notices":[],"_links":{"self":[{"href":"https:\/\/ventspils.citro.lv\/ru\/wp-json\/wp\/v2\/product\/4931"}],"collection":[{"href":"https:\/\/ventspils.citro.lv\/ru\/wp-json\/wp\/v2\/product"}],"about":[{"href":"https:\/\/ventspils.citro.lv\/ru\/wp-json\/wp\/v2\/types\/product"}],"wp:featuredmedia":[{"embeddable":true,"href":"https:\/\/ventspils.citro.lv\/ru\/wp-json\/wp\/v2\/media\/1242819"}],"wp:attachment":[{"href":"https:\/\/ventspils.citro.lv\/ru\/wp-json\/wp\/v2\/media?parent=4931"}],"wp:term":[{"taxonomy":"product_cat","embeddable":true,"href":"https:\/\/ventspils.citro.lv\/ru\/wp-json\/wp\/v2\/product_cat?post=4931"},{"taxonomy":"product_tag","embeddable":true,"href":"https:\/\/ventspils.citro.lv\/ru\/wp-json\/wp\/v2\/product_tag?post=4931"}],"curies":[{"name":"wp","href":"https:\/\/api.w.org\/{rel}","templated":true}]}}