{"id":493057,"date":"2026-04-24T09:33:33","date_gmt":"2026-04-24T06:33:33","guid":{"rendered":"https:\/\/ventspils.citro.lv\/veikals\/cipsi-adazu-kremigais-cedars-130g\/"},"modified":"2026-04-24T09:33:38","modified_gmt":"2026-04-24T06:33:38","slug":"cipsi-adazu-kremigais-cedars-130g","status":"publish","type":"product","link":"https:\/\/ventspils.citro.lv\/ru\/veikals\/cipsi-adazu-kremigais-cedars-130g\/","title":{"rendered":"\u010cipsi \u0100da\u017eu Kr\u0113m\u012bgais \u010dedars 130g"},"content":{"rendered":"","protected":false},"excerpt":{"rendered":"<p>11.92 \u20ac\/kg<\/p>\n","protected":false},"featured_media":1252863,"template":"","meta":{"_acf_changed":false,"inline_featured_image":false},"product_cat":[125,191],"product_tag":[],"acf":[],"aioseo_notices":[],"_links":{"self":[{"href":"https:\/\/ventspils.citro.lv\/ru\/wp-json\/wp\/v2\/product\/493057"}],"collection":[{"href":"https:\/\/ventspils.citro.lv\/ru\/wp-json\/wp\/v2\/product"}],"about":[{"href":"https:\/\/ventspils.citro.lv\/ru\/wp-json\/wp\/v2\/types\/product"}],"wp:featuredmedia":[{"embeddable":true,"href":"https:\/\/ventspils.citro.lv\/ru\/wp-json\/wp\/v2\/media\/1252863"}],"wp:attachment":[{"href":"https:\/\/ventspils.citro.lv\/ru\/wp-json\/wp\/v2\/media?parent=493057"}],"wp:term":[{"taxonomy":"product_cat","embeddable":true,"href":"https:\/\/ventspils.citro.lv\/ru\/wp-json\/wp\/v2\/product_cat?post=493057"},{"taxonomy":"product_tag","embeddable":true,"href":"https:\/\/ventspils.citro.lv\/ru\/wp-json\/wp\/v2\/product_tag?post=493057"}],"curies":[{"name":"wp","href":"https:\/\/api.w.org\/{rel}","templated":true}]}}