{"id":493050,"date":"2026-04-23T09:39:13","date_gmt":"2026-04-23T06:39:13","guid":{"rendered":"https:\/\/ventspils.citro.lv\/veikals\/rieksti-krejums-un-sipols-adazu-140g\/"},"modified":"2026-04-23T09:39:22","modified_gmt":"2026-04-23T06:39:22","slug":"rieksti-adazu-ar-krejumu-un-sipolu-garsu-140g","status":"publish","type":"product","link":"https:\/\/ventspils.citro.lv\/ru\/veikals\/rieksti-adazu-ar-krejumu-un-sipolu-garsu-140g\/","title":{"rendered":"Rieksti \u0100da\u017eu ar kr\u0113jumu un s\u012bpolu gar\u0161u 140g"},"content":{"rendered":"","protected":false},"excerpt":{"rendered":"<p>19.93 \u20ac\/kg<\/p>\n","protected":false},"featured_media":1250657,"template":"","meta":{"_acf_changed":false,"inline_featured_image":false},"product_cat":[125,202],"product_tag":[],"acf":[],"aioseo_notices":[],"_links":{"self":[{"href":"https:\/\/ventspils.citro.lv\/ru\/wp-json\/wp\/v2\/product\/493050"}],"collection":[{"href":"https:\/\/ventspils.citro.lv\/ru\/wp-json\/wp\/v2\/product"}],"about":[{"href":"https:\/\/ventspils.citro.lv\/ru\/wp-json\/wp\/v2\/types\/product"}],"wp:featuredmedia":[{"embeddable":true,"href":"https:\/\/ventspils.citro.lv\/ru\/wp-json\/wp\/v2\/media\/1250657"}],"wp:attachment":[{"href":"https:\/\/ventspils.citro.lv\/ru\/wp-json\/wp\/v2\/media?parent=493050"}],"wp:term":[{"taxonomy":"product_cat","embeddable":true,"href":"https:\/\/ventspils.citro.lv\/ru\/wp-json\/wp\/v2\/product_cat?post=493050"},{"taxonomy":"product_tag","embeddable":true,"href":"https:\/\/ventspils.citro.lv\/ru\/wp-json\/wp\/v2\/product_tag?post=493050"}],"curies":[{"name":"wp","href":"https:\/\/api.w.org\/{rel}","templated":true}]}}