{"id":4929,"date":"2026-04-25T01:01:44","date_gmt":"2026-04-24T22:01:44","guid":{"rendered":"https:\/\/eveikals.citro.lv\/ventspils\/veikals\/olivas-zalas-ar-garnelem-280ml\/"},"modified":"2026-04-25T01:01:55","modified_gmt":"2026-04-24T22:01:55","slug":"olivas-zalas-pilditas-ar-garnelem-mikado-300ml-90g","status":"publish","type":"product","link":"https:\/\/ventspils.citro.lv\/ru\/veikals\/olivas-zalas-pilditas-ar-garnelem-mikado-300ml-90g\/","title":{"rendered":"Ol\u012bvas za\u013c\u0101s pild\u012btas ar garnel\u0113m Mikado 300ml\/90g"},"content":{"rendered":"","protected":false},"excerpt":{"rendered":"<p>5.50 \u20ac\/kg<\/p>\n","protected":false},"featured_media":1253538,"template":"","meta":{"_acf_changed":false,"inline_featured_image":false},"product_cat":[572,103],"product_tag":[],"acf":[],"aioseo_notices":[],"_links":{"self":[{"href":"https:\/\/ventspils.citro.lv\/ru\/wp-json\/wp\/v2\/product\/4929"}],"collection":[{"href":"https:\/\/ventspils.citro.lv\/ru\/wp-json\/wp\/v2\/product"}],"about":[{"href":"https:\/\/ventspils.citro.lv\/ru\/wp-json\/wp\/v2\/types\/product"}],"wp:featuredmedia":[{"embeddable":true,"href":"https:\/\/ventspils.citro.lv\/ru\/wp-json\/wp\/v2\/media\/1253538"}],"wp:attachment":[{"href":"https:\/\/ventspils.citro.lv\/ru\/wp-json\/wp\/v2\/media?parent=4929"}],"wp:term":[{"taxonomy":"product_cat","embeddable":true,"href":"https:\/\/ventspils.citro.lv\/ru\/wp-json\/wp\/v2\/product_cat?post=4929"},{"taxonomy":"product_tag","embeddable":true,"href":"https:\/\/ventspils.citro.lv\/ru\/wp-json\/wp\/v2\/product_tag?post=4929"}],"curies":[{"name":"wp","href":"https:\/\/api.w.org\/{rel}","templated":true}]}}