{"id":492716,"date":"2026-04-24T06:54:28","date_gmt":"2026-04-24T03:54:28","guid":{"rendered":"https:\/\/ventspils.citro.lv\/veikals\/bariba-kakiem-konserveta-sheba-delikatesse-mix-4x85g\/"},"modified":"2026-04-24T06:54:40","modified_gmt":"2026-04-24T03:54:40","slug":"bariba-kakiem-konserveta-sheba-delikatesse-mix-4x85g","status":"publish","type":"product","link":"https:\/\/ventspils.citro.lv\/ru\/veikals\/bariba-kakiem-konserveta-sheba-delikatesse-mix-4x85g\/","title":{"rendered":"Bar\u012bba ka\u0137iem konserv\u0113ta Sheba Delikatesse mix 4x85g"},"content":{"rendered":"","protected":false},"excerpt":{"rendered":"<p>9.97 \u20ac\/kg<\/p>\n","protected":false},"featured_media":1252150,"template":"","meta":{"_acf_changed":false,"inline_featured_image":false},"product_cat":[153,175],"product_tag":[],"acf":[],"aioseo_notices":[],"_links":{"self":[{"href":"https:\/\/ventspils.citro.lv\/ru\/wp-json\/wp\/v2\/product\/492716"}],"collection":[{"href":"https:\/\/ventspils.citro.lv\/ru\/wp-json\/wp\/v2\/product"}],"about":[{"href":"https:\/\/ventspils.citro.lv\/ru\/wp-json\/wp\/v2\/types\/product"}],"wp:featuredmedia":[{"embeddable":true,"href":"https:\/\/ventspils.citro.lv\/ru\/wp-json\/wp\/v2\/media\/1252150"}],"wp:attachment":[{"href":"https:\/\/ventspils.citro.lv\/ru\/wp-json\/wp\/v2\/media?parent=492716"}],"wp:term":[{"taxonomy":"product_cat","embeddable":true,"href":"https:\/\/ventspils.citro.lv\/ru\/wp-json\/wp\/v2\/product_cat?post=492716"},{"taxonomy":"product_tag","embeddable":true,"href":"https:\/\/ventspils.citro.lv\/ru\/wp-json\/wp\/v2\/product_tag?post=492716"}],"curies":[{"name":"wp","href":"https:\/\/api.w.org\/{rel}","templated":true}]}}