{"id":4920,"date":"2026-04-28T03:12:52","date_gmt":"2026-04-28T00:12:52","guid":{"rendered":"https:\/\/eveikals.citro.lv\/ventspils\/veikals\/persiku-pusites-viegla-sirupa-kok-820g\/"},"modified":"2026-04-28T03:13:03","modified_gmt":"2026-04-28T00:13:03","slug":"persiku-pusites-viegla-sirupa-kok-820g-480g","status":"publish","type":"product","link":"https:\/\/ventspils.citro.lv\/ru\/veikals\/persiku-pusites-viegla-sirupa-kok-820g-480g\/","title":{"rendered":"Persiku pus\u012btes viegl\u0101 s\u012brup\u0101 Kok 820g\/480g"},"content":{"rendered":"","protected":false},"excerpt":{"rendered":"<p>3.60 \u20ac\/kg<\/p>\n","protected":false},"featured_media":1254270,"template":"","meta":{"_acf_changed":false,"inline_featured_image":false},"product_cat":[567,103],"product_tag":[],"acf":[],"aioseo_notices":[],"_links":{"self":[{"href":"https:\/\/ventspils.citro.lv\/ru\/wp-json\/wp\/v2\/product\/4920"}],"collection":[{"href":"https:\/\/ventspils.citro.lv\/ru\/wp-json\/wp\/v2\/product"}],"about":[{"href":"https:\/\/ventspils.citro.lv\/ru\/wp-json\/wp\/v2\/types\/product"}],"wp:featuredmedia":[{"embeddable":true,"href":"https:\/\/ventspils.citro.lv\/ru\/wp-json\/wp\/v2\/media\/1254270"}],"wp:attachment":[{"href":"https:\/\/ventspils.citro.lv\/ru\/wp-json\/wp\/v2\/media?parent=4920"}],"wp:term":[{"taxonomy":"product_cat","embeddable":true,"href":"https:\/\/ventspils.citro.lv\/ru\/wp-json\/wp\/v2\/product_cat?post=4920"},{"taxonomy":"product_tag","embeddable":true,"href":"https:\/\/ventspils.citro.lv\/ru\/wp-json\/wp\/v2\/product_tag?post=4920"}],"curies":[{"name":"wp","href":"https:\/\/api.w.org\/{rel}","templated":true}]}}