{"id":4919,"date":"2026-03-04T01:12:31","date_gmt":"2026-03-03T23:12:31","guid":{"rendered":"https:\/\/eveikals.citro.lv\/ventspils\/veikals\/ananasu-rinki-sirupa-blik-850g\/"},"modified":"2026-03-04T01:12:36","modified_gmt":"2026-03-03T23:12:36","slug":"ananasu-rinki-sirupa-blik-850g","status":"publish","type":"product","link":"https:\/\/ventspils.citro.lv\/ru\/veikals\/ananasu-rinki-sirupa-blik-850g\/","title":{"rendered":"Anan\u0101su ri\u0146\u0137i s\u012brup\u0101 Blik 850g"},"content":{"rendered":"","protected":false},"excerpt":{"rendered":"<p>3.87 \u20ac\/kg<\/p>\n","protected":false},"featured_media":1220902,"template":"","meta":{"_acf_changed":false,"inline_featured_image":false},"product_cat":[567,103],"product_tag":[],"acf":[],"aioseo_notices":[],"_links":{"self":[{"href":"https:\/\/ventspils.citro.lv\/ru\/wp-json\/wp\/v2\/product\/4919"}],"collection":[{"href":"https:\/\/ventspils.citro.lv\/ru\/wp-json\/wp\/v2\/product"}],"about":[{"href":"https:\/\/ventspils.citro.lv\/ru\/wp-json\/wp\/v2\/types\/product"}],"wp:featuredmedia":[{"embeddable":true,"href":"https:\/\/ventspils.citro.lv\/ru\/wp-json\/wp\/v2\/media\/1220902"}],"wp:attachment":[{"href":"https:\/\/ventspils.citro.lv\/ru\/wp-json\/wp\/v2\/media?parent=4919"}],"wp:term":[{"taxonomy":"product_cat","embeddable":true,"href":"https:\/\/ventspils.citro.lv\/ru\/wp-json\/wp\/v2\/product_cat?post=4919"},{"taxonomy":"product_tag","embeddable":true,"href":"https:\/\/ventspils.citro.lv\/ru\/wp-json\/wp\/v2\/product_tag?post=4919"}],"curies":[{"name":"wp","href":"https:\/\/api.w.org\/{rel}","templated":true}]}}