{"id":4916,"date":"2026-04-10T04:57:06","date_gmt":"2026-04-10T01:57:06","guid":{"rendered":"https:\/\/eveikals.citro.lv\/ventspils\/veikals\/ananasu-rinki-viegla-sirupa-kok-565g\/"},"modified":"2026-04-10T04:57:17","modified_gmt":"2026-04-10T01:57:17","slug":"ananasu-rinki-viegla-sirupa-kok-565g-300g","status":"publish","type":"product","link":"https:\/\/ventspils.citro.lv\/ru\/veikals\/ananasu-rinki-viegla-sirupa-kok-565g-300g\/","title":{"rendered":"Anan\u0101su ri\u0146\u0137i viegl\u0101 s\u012brup\u0101 KOK 565g\/300g"},"content":{"rendered":"","protected":false},"excerpt":{"rendered":"<p>3.70 \u20ac\/kg<\/p>\n","protected":false},"featured_media":1242970,"template":"","meta":{"_acf_changed":false,"inline_featured_image":false},"product_cat":[567,103],"product_tag":[],"acf":[],"aioseo_notices":[],"_links":{"self":[{"href":"https:\/\/ventspils.citro.lv\/ru\/wp-json\/wp\/v2\/product\/4916"}],"collection":[{"href":"https:\/\/ventspils.citro.lv\/ru\/wp-json\/wp\/v2\/product"}],"about":[{"href":"https:\/\/ventspils.citro.lv\/ru\/wp-json\/wp\/v2\/types\/product"}],"wp:featuredmedia":[{"embeddable":true,"href":"https:\/\/ventspils.citro.lv\/ru\/wp-json\/wp\/v2\/media\/1242970"}],"wp:attachment":[{"href":"https:\/\/ventspils.citro.lv\/ru\/wp-json\/wp\/v2\/media?parent=4916"}],"wp:term":[{"taxonomy":"product_cat","embeddable":true,"href":"https:\/\/ventspils.citro.lv\/ru\/wp-json\/wp\/v2\/product_cat?post=4916"},{"taxonomy":"product_tag","embeddable":true,"href":"https:\/\/ventspils.citro.lv\/ru\/wp-json\/wp\/v2\/product_tag?post=4916"}],"curies":[{"name":"wp","href":"https:\/\/api.w.org\/{rel}","templated":true}]}}