{"id":4912,"date":"2026-03-04T01:12:31","date_gmt":"2026-03-03T23:12:31","guid":{"rendered":"https:\/\/eveikals.citro.lv\/ventspils\/veikals\/ananasu-gabalini-sirupa-565g\/"},"modified":"2026-03-30T11:41:52","modified_gmt":"2026-03-30T08:41:52","slug":"ananasu-gabalini-sirupa-565g","status":"publish","type":"product","link":"https:\/\/ventspils.citro.lv\/ru\/veikals\/ananasu-gabalini-sirupa-565g\/","title":{"rendered":"Anan\u0101su gabali\u0146i s\u012brup\u0101 565g"},"content":{"rendered":"","protected":false},"excerpt":{"rendered":"<p>3.52 \u20ac\/kg<\/p>\n","protected":false},"featured_media":1220903,"template":"","meta":{"_acf_changed":false,"inline_featured_image":false},"product_cat":[567,103],"product_tag":[],"acf":[],"aioseo_notices":[],"_links":{"self":[{"href":"https:\/\/ventspils.citro.lv\/ru\/wp-json\/wp\/v2\/product\/4912"}],"collection":[{"href":"https:\/\/ventspils.citro.lv\/ru\/wp-json\/wp\/v2\/product"}],"about":[{"href":"https:\/\/ventspils.citro.lv\/ru\/wp-json\/wp\/v2\/types\/product"}],"wp:featuredmedia":[{"embeddable":true,"href":"https:\/\/ventspils.citro.lv\/ru\/wp-json\/wp\/v2\/media\/1220903"}],"wp:attachment":[{"href":"https:\/\/ventspils.citro.lv\/ru\/wp-json\/wp\/v2\/media?parent=4912"}],"wp:term":[{"taxonomy":"product_cat","embeddable":true,"href":"https:\/\/ventspils.citro.lv\/ru\/wp-json\/wp\/v2\/product_cat?post=4912"},{"taxonomy":"product_tag","embeddable":true,"href":"https:\/\/ventspils.citro.lv\/ru\/wp-json\/wp\/v2\/product_tag?post=4912"}],"curies":[{"name":"wp","href":"https:\/\/api.w.org\/{rel}","templated":true}]}}