{"id":4907,"date":"2026-04-24T06:36:47","date_gmt":"2026-04-24T03:36:47","guid":{"rendered":"https:\/\/eveikals.citro.lv\/ventspils\/veikals\/ievarijums-zemenu-380g\/"},"modified":"2026-04-30T09:15:22","modified_gmt":"2026-04-30T06:15:22","slug":"ievarijums-zemenu-spilva-380g","status":"publish","type":"product","link":"https:\/\/ventspils.citro.lv\/ru\/veikals\/ievarijums-zemenu-spilva-380g\/","title":{"rendered":"Iev\u0101r\u012bjums zeme\u0146u Spilva 380g"},"content":{"rendered":"","protected":false},"excerpt":{"rendered":"<p>6.55 \u20ac\/kg<\/p>\n","protected":false},"featured_media":1252070,"template":"","meta":{"_acf_changed":false,"inline_featured_image":false},"product_cat":[560,103],"product_tag":[],"acf":[],"aioseo_notices":[],"_links":{"self":[{"href":"https:\/\/ventspils.citro.lv\/ru\/wp-json\/wp\/v2\/product\/4907"}],"collection":[{"href":"https:\/\/ventspils.citro.lv\/ru\/wp-json\/wp\/v2\/product"}],"about":[{"href":"https:\/\/ventspils.citro.lv\/ru\/wp-json\/wp\/v2\/types\/product"}],"wp:featuredmedia":[{"embeddable":true,"href":"https:\/\/ventspils.citro.lv\/ru\/wp-json\/wp\/v2\/media\/1252070"}],"wp:attachment":[{"href":"https:\/\/ventspils.citro.lv\/ru\/wp-json\/wp\/v2\/media?parent=4907"}],"wp:term":[{"taxonomy":"product_cat","embeddable":true,"href":"https:\/\/ventspils.citro.lv\/ru\/wp-json\/wp\/v2\/product_cat?post=4907"},{"taxonomy":"product_tag","embeddable":true,"href":"https:\/\/ventspils.citro.lv\/ru\/wp-json\/wp\/v2\/product_tag?post=4907"}],"curies":[{"name":"wp","href":"https:\/\/api.w.org\/{rel}","templated":true}]}}