{"id":4901,"date":"2026-04-24T05:24:25","date_gmt":"2026-04-24T02:24:25","guid":{"rendered":"https:\/\/eveikals.citro.lv\/ventspils\/veikals\/ievarijums-zemenu-pure-900g\/"},"modified":"2026-04-24T05:24:29","modified_gmt":"2026-04-24T02:24:29","slug":"ievarijums-zemenu-pure-900g","status":"publish","type":"product","link":"https:\/\/ventspils.citro.lv\/ru\/veikals\/ievarijums-zemenu-pure-900g\/","title":{"rendered":"Iev\u0101r\u012bjums zeme\u0146u P\u016bre 900g"},"content":{"rendered":"","protected":false},"excerpt":{"rendered":"<p>8.21 \u20ac\/kg<\/p>\n","protected":false},"featured_media":1251743,"template":"","meta":{"_acf_changed":false,"inline_featured_image":false},"product_cat":[560,103],"product_tag":[],"acf":[],"aioseo_notices":[],"_links":{"self":[{"href":"https:\/\/ventspils.citro.lv\/ru\/wp-json\/wp\/v2\/product\/4901"}],"collection":[{"href":"https:\/\/ventspils.citro.lv\/ru\/wp-json\/wp\/v2\/product"}],"about":[{"href":"https:\/\/ventspils.citro.lv\/ru\/wp-json\/wp\/v2\/types\/product"}],"wp:featuredmedia":[{"embeddable":true,"href":"https:\/\/ventspils.citro.lv\/ru\/wp-json\/wp\/v2\/media\/1251743"}],"wp:attachment":[{"href":"https:\/\/ventspils.citro.lv\/ru\/wp-json\/wp\/v2\/media?parent=4901"}],"wp:term":[{"taxonomy":"product_cat","embeddable":true,"href":"https:\/\/ventspils.citro.lv\/ru\/wp-json\/wp\/v2\/product_cat?post=4901"},{"taxonomy":"product_tag","embeddable":true,"href":"https:\/\/ventspils.citro.lv\/ru\/wp-json\/wp\/v2\/product_tag?post=4901"}],"curies":[{"name":"wp","href":"https:\/\/api.w.org\/{rel}","templated":true}]}}