{"id":4900,"date":"2026-03-27T07:00:02","date_gmt":"2026-03-27T05:00:02","guid":{"rendered":"https:\/\/eveikals.citro.lv\/ventspils\/veikals\/ievarijums-mellenu-362ml\/"},"modified":"2026-03-27T07:00:12","modified_gmt":"2026-03-27T05:00:12","slug":"ievarijums-mellenu-spilva-362ml","status":"publish","type":"product","link":"https:\/\/ventspils.citro.lv\/ru\/veikals\/ievarijums-mellenu-spilva-362ml\/","title":{"rendered":"Iev\u0101r\u012bjums melle\u0146u Spilva 362ml"},"content":{"rendered":"","protected":false},"excerpt":{"rendered":"<p>9.25 \u20ac\/kg<\/p>\n","protected":false},"featured_media":1235711,"template":"","meta":{"_acf_changed":false,"inline_featured_image":false},"product_cat":[560,103],"product_tag":[],"acf":[],"aioseo_notices":[],"_links":{"self":[{"href":"https:\/\/ventspils.citro.lv\/ru\/wp-json\/wp\/v2\/product\/4900"}],"collection":[{"href":"https:\/\/ventspils.citro.lv\/ru\/wp-json\/wp\/v2\/product"}],"about":[{"href":"https:\/\/ventspils.citro.lv\/ru\/wp-json\/wp\/v2\/types\/product"}],"wp:featuredmedia":[{"embeddable":true,"href":"https:\/\/ventspils.citro.lv\/ru\/wp-json\/wp\/v2\/media\/1235711"}],"wp:attachment":[{"href":"https:\/\/ventspils.citro.lv\/ru\/wp-json\/wp\/v2\/media?parent=4900"}],"wp:term":[{"taxonomy":"product_cat","embeddable":true,"href":"https:\/\/ventspils.citro.lv\/ru\/wp-json\/wp\/v2\/product_cat?post=4900"},{"taxonomy":"product_tag","embeddable":true,"href":"https:\/\/ventspils.citro.lv\/ru\/wp-json\/wp\/v2\/product_tag?post=4900"}],"curies":[{"name":"wp","href":"https:\/\/api.w.org\/{rel}","templated":true}]}}