{"id":4897,"date":"2026-03-04T02:33:37","date_gmt":"2026-03-04T00:33:37","guid":{"rendered":"https:\/\/eveikals.citro.lv\/ventspils\/veikals\/pipargurkisi-upenu-lapu-marinade-1-6cm-530g\/"},"modified":"2026-03-04T02:33:46","modified_gmt":"2026-03-04T00:33:46","slug":"pipargurkisi-upenu-lapu-marinade-1-6cm-530g-290g","status":"publish","type":"product","link":"https:\/\/ventspils.citro.lv\/ru\/veikals\/pipargurkisi-upenu-lapu-marinade-1-6cm-530g-290g\/","title":{"rendered":"Pipargur\u0137\u012b\u0161i upe\u0146u lapu marin\u0101d\u0113 1-6cm 530g\/290g"},"content":{"rendered":"","protected":false},"excerpt":{"rendered":"<p>4.62 \u20ac\/gb<\/p>\n","protected":false},"featured_media":1221153,"template":"","meta":{"_acf_changed":false,"inline_featured_image":false},"product_cat":[103,140],"product_tag":[],"acf":[],"aioseo_notices":[],"_links":{"self":[{"href":"https:\/\/ventspils.citro.lv\/ru\/wp-json\/wp\/v2\/product\/4897"}],"collection":[{"href":"https:\/\/ventspils.citro.lv\/ru\/wp-json\/wp\/v2\/product"}],"about":[{"href":"https:\/\/ventspils.citro.lv\/ru\/wp-json\/wp\/v2\/types\/product"}],"wp:featuredmedia":[{"embeddable":true,"href":"https:\/\/ventspils.citro.lv\/ru\/wp-json\/wp\/v2\/media\/1221153"}],"wp:attachment":[{"href":"https:\/\/ventspils.citro.lv\/ru\/wp-json\/wp\/v2\/media?parent=4897"}],"wp:term":[{"taxonomy":"product_cat","embeddable":true,"href":"https:\/\/ventspils.citro.lv\/ru\/wp-json\/wp\/v2\/product_cat?post=4897"},{"taxonomy":"product_tag","embeddable":true,"href":"https:\/\/ventspils.citro.lv\/ru\/wp-json\/wp\/v2\/product_tag?post=4897"}],"curies":[{"name":"wp","href":"https:\/\/api.w.org\/{rel}","templated":true}]}}