{"id":485078,"date":"2026-04-10T08:21:03","date_gmt":"2026-04-10T05:21:03","guid":{"rendered":"https:\/\/ventspils.citro.lv\/veikals\/bariba-kakeniem-whiskas-klasiska-izlase-4-paka-485g\/"},"modified":"2026-04-10T08:21:08","modified_gmt":"2026-04-10T05:21:08","slug":"bariba-kakeniem-whiskas-junior-klasiska-izlase-4-paka-485g","status":"publish","type":"product","link":"https:\/\/ventspils.citro.lv\/ru\/veikals\/bariba-kakeniem-whiskas-junior-klasiska-izlase-4-paka-485g\/","title":{"rendered":"Bar\u012bba ka\u0137\u0113niem Whiskas junior klasisk\u0101 izlase 4-paka 4*85g"},"content":{"rendered":"","protected":false},"excerpt":{"rendered":"<p>6.91 \u20ac\/kg<\/p>\n","protected":false},"featured_media":1243882,"template":"","meta":{"_acf_changed":false,"inline_featured_image":false},"product_cat":[153,175],"product_tag":[],"acf":[],"aioseo_notices":[],"_links":{"self":[{"href":"https:\/\/ventspils.citro.lv\/ru\/wp-json\/wp\/v2\/product\/485078"}],"collection":[{"href":"https:\/\/ventspils.citro.lv\/ru\/wp-json\/wp\/v2\/product"}],"about":[{"href":"https:\/\/ventspils.citro.lv\/ru\/wp-json\/wp\/v2\/types\/product"}],"wp:featuredmedia":[{"embeddable":true,"href":"https:\/\/ventspils.citro.lv\/ru\/wp-json\/wp\/v2\/media\/1243882"}],"wp:attachment":[{"href":"https:\/\/ventspils.citro.lv\/ru\/wp-json\/wp\/v2\/media?parent=485078"}],"wp:term":[{"taxonomy":"product_cat","embeddable":true,"href":"https:\/\/ventspils.citro.lv\/ru\/wp-json\/wp\/v2\/product_cat?post=485078"},{"taxonomy":"product_tag","embeddable":true,"href":"https:\/\/ventspils.citro.lv\/ru\/wp-json\/wp\/v2\/product_tag?post=485078"}],"curies":[{"name":"wp","href":"https:\/\/api.w.org\/{rel}","templated":true}]}}