{"id":484349,"date":"2026-03-27T10:03:58","date_gmt":"2026-03-27T08:03:58","guid":{"rendered":"https:\/\/ventspils.citro.lv\/veikals\/siers-tilzites-cesvaines-skelites-300g\/"},"modified":"2026-03-27T10:04:02","modified_gmt":"2026-03-27T08:04:02","slug":"siers-tilzites-cesvaines-skelites-300g","status":"publish","type":"product","link":"https:\/\/ventspils.citro.lv\/ru\/veikals\/siers-tilzites-cesvaines-skelites-300g\/","title":{"rendered":"Siers Tilz\u012btes Cesvaines \u0161\u0137\u0113l\u012bt\u0113s 300g"},"content":{"rendered":"","protected":false},"excerpt":{"rendered":"<p>10.63 \u20ac\/gb<\/p>\n","protected":false},"featured_media":1236475,"template":"","meta":{"_acf_changed":false,"inline_featured_image":false},"product_cat":[95,224],"product_tag":[],"acf":[],"aioseo_notices":[],"_links":{"self":[{"href":"https:\/\/ventspils.citro.lv\/ru\/wp-json\/wp\/v2\/product\/484349"}],"collection":[{"href":"https:\/\/ventspils.citro.lv\/ru\/wp-json\/wp\/v2\/product"}],"about":[{"href":"https:\/\/ventspils.citro.lv\/ru\/wp-json\/wp\/v2\/types\/product"}],"wp:featuredmedia":[{"embeddable":true,"href":"https:\/\/ventspils.citro.lv\/ru\/wp-json\/wp\/v2\/media\/1236475"}],"wp:attachment":[{"href":"https:\/\/ventspils.citro.lv\/ru\/wp-json\/wp\/v2\/media?parent=484349"}],"wp:term":[{"taxonomy":"product_cat","embeddable":true,"href":"https:\/\/ventspils.citro.lv\/ru\/wp-json\/wp\/v2\/product_cat?post=484349"},{"taxonomy":"product_tag","embeddable":true,"href":"https:\/\/ventspils.citro.lv\/ru\/wp-json\/wp\/v2\/product_tag?post=484349"}],"curies":[{"name":"wp","href":"https:\/\/api.w.org\/{rel}","templated":true}]}}