{"id":478240,"date":"2026-03-27T10:03:02","date_gmt":"2026-03-27T08:03:02","guid":{"rendered":"https:\/\/ventspils.citro.lv\/veikals\/merce-tomatu-italu-dimdini-250g\/"},"modified":"2026-04-02T14:36:27","modified_gmt":"2026-04-02T11:36:27","slug":"merce-tomatu-italu-dimdini-250g","status":"publish","type":"product","link":"https:\/\/ventspils.citro.lv\/ru\/veikals\/merce-tomatu-italu-dimdini-250g\/","title":{"rendered":"M\u0113rce tom\u0101tu It\u0101\u013cu Dimdi\u0146i 250g"},"content":{"rendered":"","protected":false},"excerpt":{"rendered":"<p>5.40 \u20ac\/kg<\/p>\n","protected":false},"featured_media":1236465,"template":"","meta":{"_acf_changed":false,"inline_featured_image":false},"product_cat":[116,148],"product_tag":[],"acf":[],"aioseo_notices":[],"_links":{"self":[{"href":"https:\/\/ventspils.citro.lv\/ru\/wp-json\/wp\/v2\/product\/478240"}],"collection":[{"href":"https:\/\/ventspils.citro.lv\/ru\/wp-json\/wp\/v2\/product"}],"about":[{"href":"https:\/\/ventspils.citro.lv\/ru\/wp-json\/wp\/v2\/types\/product"}],"wp:featuredmedia":[{"embeddable":true,"href":"https:\/\/ventspils.citro.lv\/ru\/wp-json\/wp\/v2\/media\/1236465"}],"wp:attachment":[{"href":"https:\/\/ventspils.citro.lv\/ru\/wp-json\/wp\/v2\/media?parent=478240"}],"wp:term":[{"taxonomy":"product_cat","embeddable":true,"href":"https:\/\/ventspils.citro.lv\/ru\/wp-json\/wp\/v2\/product_cat?post=478240"},{"taxonomy":"product_tag","embeddable":true,"href":"https:\/\/ventspils.citro.lv\/ru\/wp-json\/wp\/v2\/product_tag?post=478240"}],"curies":[{"name":"wp","href":"https:\/\/api.w.org\/{rel}","templated":true}]}}