{"id":476168,"date":"2026-03-17T04:21:14","date_gmt":"2026-03-17T02:21:14","guid":{"rendered":"https:\/\/ventspils.citro.lv\/veikals\/zupa-maggi-borscs-skistosa-ar-grauzdiniem-16g\/"},"modified":"2026-03-17T04:21:19","modified_gmt":"2026-03-17T02:21:19","slug":"zupa-maggi-borscs-skistosa-ar-grauzdiniem-16g","status":"publish","type":"product","link":"https:\/\/ventspils.citro.lv\/ru\/veikals\/zupa-maggi-borscs-skistosa-ar-grauzdiniem-16g\/","title":{"rendered":"Zupa Maggi bor\u0161\u010ds \u0161\u0137\u012bsto\u0161\u0101 ar grauzdi\u0146iem 16g"},"content":{"rendered":"","protected":false},"excerpt":{"rendered":"<p>46.88 \u20ac\/kg<\/p>\n","protected":false},"featured_media":1226495,"template":"","meta":{"_acf_changed":false,"inline_featured_image":false},"product_cat":[111,138],"product_tag":[],"acf":[],"aioseo_notices":[],"_links":{"self":[{"href":"https:\/\/ventspils.citro.lv\/ru\/wp-json\/wp\/v2\/product\/476168"}],"collection":[{"href":"https:\/\/ventspils.citro.lv\/ru\/wp-json\/wp\/v2\/product"}],"about":[{"href":"https:\/\/ventspils.citro.lv\/ru\/wp-json\/wp\/v2\/types\/product"}],"wp:featuredmedia":[{"embeddable":true,"href":"https:\/\/ventspils.citro.lv\/ru\/wp-json\/wp\/v2\/media\/1226495"}],"wp:attachment":[{"href":"https:\/\/ventspils.citro.lv\/ru\/wp-json\/wp\/v2\/media?parent=476168"}],"wp:term":[{"taxonomy":"product_cat","embeddable":true,"href":"https:\/\/ventspils.citro.lv\/ru\/wp-json\/wp\/v2\/product_cat?post=476168"},{"taxonomy":"product_tag","embeddable":true,"href":"https:\/\/ventspils.citro.lv\/ru\/wp-json\/wp\/v2\/product_tag?post=476168"}],"curies":[{"name":"wp","href":"https:\/\/api.w.org\/{rel}","templated":true}]}}