{"id":473948,"date":"2026-03-28T02:24:53","date_gmt":"2026-03-28T00:24:53","guid":{"rendered":"https:\/\/ventspils.citro.lv\/veikals\/cukgalas-karbonade-cepta-citro-240g\/"},"modified":"2026-03-28T02:24:58","modified_gmt":"2026-03-28T00:24:58","slug":"cukgalas-karbonade-cepta-citro-240g","status":"publish","type":"product","link":"https:\/\/ventspils.citro.lv\/ru\/veikals\/cukgalas-karbonade-cepta-citro-240g\/","title":{"rendered":"C\u016bkga\u013cas karbon\u0101de cepta Citro 240g"},"content":{"rendered":"","protected":false},"excerpt":{"rendered":"<p>14.54 \u20ac\/kg<\/p>\n","protected":false},"featured_media":1237449,"template":"","meta":{"_acf_changed":false,"inline_featured_image":false},"product_cat":[113,114],"product_tag":[],"acf":[],"aioseo_notices":[],"_links":{"self":[{"href":"https:\/\/ventspils.citro.lv\/ru\/wp-json\/wp\/v2\/product\/473948"}],"collection":[{"href":"https:\/\/ventspils.citro.lv\/ru\/wp-json\/wp\/v2\/product"}],"about":[{"href":"https:\/\/ventspils.citro.lv\/ru\/wp-json\/wp\/v2\/types\/product"}],"wp:featuredmedia":[{"embeddable":true,"href":"https:\/\/ventspils.citro.lv\/ru\/wp-json\/wp\/v2\/media\/1237449"}],"wp:attachment":[{"href":"https:\/\/ventspils.citro.lv\/ru\/wp-json\/wp\/v2\/media?parent=473948"}],"wp:term":[{"taxonomy":"product_cat","embeddable":true,"href":"https:\/\/ventspils.citro.lv\/ru\/wp-json\/wp\/v2\/product_cat?post=473948"},{"taxonomy":"product_tag","embeddable":true,"href":"https:\/\/ventspils.citro.lv\/ru\/wp-json\/wp\/v2\/product_tag?post=473948"}],"curies":[{"name":"wp","href":"https:\/\/api.w.org\/{rel}","templated":true}]}}