{"id":461164,"date":"2026-04-09T04:12:02","date_gmt":"2026-04-09T01:12:02","guid":{"rendered":"https:\/\/ventspils.citro.lv\/veikals\/mikla-rauga-kartaina-400g\/"},"modified":"2026-04-09T04:12:14","modified_gmt":"2026-04-09T01:12:14","slug":"mikla-rauga-kartaina-400g","status":"publish","type":"product","link":"https:\/\/ventspils.citro.lv\/ru\/veikals\/mikla-rauga-kartaina-400g\/","title":{"rendered":"M\u012bkla rauga k\u0101rtain\u0101 400g"},"content":{"rendered":"","protected":false},"excerpt":{"rendered":"<p>4.98 \u20ac\/kg<\/p>\n","protected":false},"featured_media":1242251,"template":"","meta":{"_acf_changed":false,"inline_featured_image":false},"product_cat":[566,231],"product_tag":[],"acf":[],"aioseo_notices":[],"_links":{"self":[{"href":"https:\/\/ventspils.citro.lv\/ru\/wp-json\/wp\/v2\/product\/461164"}],"collection":[{"href":"https:\/\/ventspils.citro.lv\/ru\/wp-json\/wp\/v2\/product"}],"about":[{"href":"https:\/\/ventspils.citro.lv\/ru\/wp-json\/wp\/v2\/types\/product"}],"wp:featuredmedia":[{"embeddable":true,"href":"https:\/\/ventspils.citro.lv\/ru\/wp-json\/wp\/v2\/media\/1242251"}],"wp:attachment":[{"href":"https:\/\/ventspils.citro.lv\/ru\/wp-json\/wp\/v2\/media?parent=461164"}],"wp:term":[{"taxonomy":"product_cat","embeddable":true,"href":"https:\/\/ventspils.citro.lv\/ru\/wp-json\/wp\/v2\/product_cat?post=461164"},{"taxonomy":"product_tag","embeddable":true,"href":"https:\/\/ventspils.citro.lv\/ru\/wp-json\/wp\/v2\/product_tag?post=461164"}],"curies":[{"name":"wp","href":"https:\/\/api.w.org\/{rel}","templated":true}]}}